{"id":1028,"date":"2024-10-10T17:05:24","date_gmt":"2024-10-10T17:05:24","guid":{"rendered":"https:\/\/www.maisonpemba.com\/?page_id=1028"},"modified":"2024-10-10T18:27:56","modified_gmt":"2024-10-10T18:27:56","slug":"les-questions-frequentes","status":"publish","type":"page","link":"https:\/\/www.maisonpemba.com\/en\/les-questions-frequentes\/","title":{"rendered":"Les Questions Fr\u00e9quentes"},"content":{"rendered":"<p>[et_pb_section fb_built=&#8221;1&#8243; _builder_version=&#8221;4.27.2&#8243; _module_preset=&#8221;default&#8221; background_image=&#8221;https:\/\/www.maisonpemba.com\/wp-content\/uploads\/2024\/10\/Essai.jpg&#8221; global_colors_info=&#8221;{}&#8221;][et_pb_row _builder_version=&#8221;4.27.2&#8243; _module_preset=&#8221;default&#8221; global_colors_info=&#8221;{}&#8221;][et_pb_column type=&#8221;4_4&#8243; _builder_version=&#8221;4.27.2&#8243; _module_preset=&#8221;default&#8221; global_colors_info=&#8221;{}&#8221;][et_pb_post_title _builder_version=&#8221;4.27.2&#8243; _module_preset=&#8221;default&#8221; global_colors_info=&#8221;{}&#8221;][\/et_pb_post_title][et_pb_accordion _builder_version=&#8221;4.27.2&#8243; _module_preset=&#8221;default&#8221; hover_enabled=&#8221;0&#8243; global_colors_info=&#8221;{}&#8221; sticky_enabled=&#8221;0&#8243;][et_pb_accordion_item title=&#8221;Comment contacter le service client ?&#8221; icon_color=&#8221;#6B6B6B&#8221; _builder_version=&#8221;4.27.2&#8243; _module_preset=&#8221;default&#8221; background_color=&#8221;RGBA(255,255,255,0)&#8221; background_enable_color=&#8221;on&#8221; border_color_all=&#8221;RGBA(255,255,255,0)&#8221; global_colors_info=&#8221;{}&#8221; open=&#8221;off&#8221;]<\/p>\n<p><em>Vous pouvez nous contacter en utilisant\u00a0le <u><a href=\"\/contact\/\"><span style=\"color: #000000;\">formulaire de contact<\/span><\/a><\/u>, nous r\u00e9pondrons sous 24h \u00e0 48h maximum du lundi au vendredi de 9h30 \u00e0 18h30, hors week-end et jours f\u00e9ri\u00e9s.<\/em><\/p>\n<p>[\/et_pb_accordion_item][et_pb_accordion_item title=&#8221;Comment avoir acc\u00e8s au suivi de ma commande ?&#8221; icon_color=&#8221;#6B6B6B&#8221; _builder_version=&#8221;4.27.2&#8243; _module_preset=&#8221;default&#8221; background_color=&#8221;RGBA(255,255,255,0)&#8221; background_enable_color=&#8221;on&#8221; border_color_all=&#8221;RGBA(255,255,255,0)&#8221; global_colors_info=&#8221;{}&#8221; open=&#8221;off&#8221;]<\/p>\n<p><em>D\u00e8s que ta commande est valid\u00e9e et pr\u00e9par\u00e9e, vous recevrez un email de confirmation d\u2019exp\u00e9dition, sur lequel vous trouverez votre num\u00e9ro de suivi La Poste ou Mondial Relay. Vous pouvez \u00e9galement trouver ce num\u00e9ro de suivi de colis dans votre compte client. Il vous suffira de cliquer sur \u00ab\u00a0<u>suivre mon colis\u00a0<\/u>\u00bb.<\/em><\/p>\n<p>[\/et_pb_accordion_item][et_pb_accordion_item title=&#8221;Je n\u2019ai ni re\u00e7u ma confirmation de commande ni mon num\u00e9ro de suivi.&#8221; icon_color=&#8221;#6B6B6B&#8221; _builder_version=&#8221;4.27.2&#8243; _module_preset=&#8221;default&#8221; background_color=&#8221;RGBA(255,255,255,0)&#8221; background_enable_color=&#8221;on&#8221; border_color_all=&#8221;RGBA(255,255,255,0)&#8221; global_colors_info=&#8221;{}&#8221; open=&#8221;off&#8221;]<\/p>\n<p><em>Il se peut que nos mails atterrissent dans les spams, v\u00e9rifiez et si vous ne les trouvez toujours pas contactez-nous en utilisant\u00a0le <span style=\"color: #000000;\"><u><a href=\"\/contact\/\" style=\"color: #000000;\">formulaire de contact<\/a><\/u>.<\/span><\/em><\/p>\n<p>[\/et_pb_accordion_item][et_pb_accordion_item title=&#8221;Je souhaite modifier le contenu de ma commande, comment faire ?&#8221; icon_color=&#8221;#6B6B6B&#8221; _builder_version=&#8221;4.27.2&#8243; _module_preset=&#8221;default&#8221; background_color=&#8221;RGBA(255,255,255,0)&#8221; background_enable_color=&#8221;on&#8221; border_color_all=&#8221;RGBA(255,255,255,0)&#8221; global_colors_info=&#8221;{}&#8221; open=&#8221;off&#8221;]<\/p>\n<p><em>Il nous est malheureusement impossible d\u2019ajouter ou de supprimer un ou plusieurs articles \u00e0 votre commande.<\/em><\/p>\n<p>[\/et_pb_accordion_item][et_pb_accordion_item title=&#8221;Je me suis tromp\u00e9(e) dans l\u2019adresse de livraison, puis-je la changer ?&#8221; icon_color=&#8221;#6B6B6B&#8221; _builder_version=&#8221;4.27.2&#8243; _module_preset=&#8221;default&#8221; background_color=&#8221;RGBA(255,255,255,0)&#8221; background_enable_color=&#8221;on&#8221; border_color_all=&#8221;RGBA(255,255,255,0)&#8221; global_colors_info=&#8221;{}&#8221; open=&#8221;off&#8221;]<\/p>\n<p><em>Il nous est peut-\u00eatre encore possible de la modifier, si votre commande n&#8217;a pas encore \u00e9t\u00e9 trait\u00e9e. Si elle a \u00e9t\u00e9 prise en charge nous ne pourrons plus la modifier. Utilisez le <span style=\"color: #000000;\"><u><a href=\"\/contact\/\" style=\"color: #000000;\">for<\/a><\/u><\/span><\/em><em style=\"font-size: 14px;\"><span style=\"color: #000000;\"><u><a href=\"\/contact\/\" style=\"color: #000000;\">mulaire de contact<\/a><\/u><\/span>\u00a0afin de nous en informer rapidement.<\/em><\/p>\n<p>[\/et_pb_accordion_item][et_pb_accordion_item title=&#8221;Je souhaite annuler ma commande, est-ce possible ?&#8221; open=&#8221;off&#8221; icon_color=&#8221;#6B6B6B&#8221; _builder_version=&#8221;4.27.2&#8243; _module_preset=&#8221;default&#8221; background_color=&#8221;RGBA(255,255,255,0)&#8221; background_enable_color=&#8221;on&#8221; border_color_all=&#8221;RGBA(255,255,255,0)&#8221; global_colors_info=&#8221;{}&#8221;]<\/p>\n<p><em>Si votre commande n\u2019a pas encore \u00e9t\u00e9 prise en charge, il nous est possible d\u2019annuler et de proc\u00e9der au remboursement de celle-ci. Dans ce cas,\u00a0<span style=\"color: #000000;\"><a href=\"\/contact\/\" style=\"color: #000000;\"><u>contactez-nous<\/u><\/a><\/span> au plus vite.<\/em><br \/><em>Si la commande a d\u00e9j\u00e0 \u00e9t\u00e9 envoy\u00e9e, il ne nous sera malheureusement plus possible de l\u2019annuler. Dans ce cas, si vous ne souhaitez pas conserver les articles, il est possible de nous retourner tes produits via la page livraison &amp; retour.<\/em><\/p>\n<p>[\/et_pb_accordion_item][et_pb_accordion_item title=&#8221;Comment acc\u00e9der \u00e0 mon compte si j\u2019ai perdu mon mot de passe ?&#8221; _builder_version=&#8221;4.27.2&#8243; _module_preset=&#8221;default&#8221; hover_enabled=&#8221;0&#8243; global_colors_info=&#8221;{}&#8221; open=&#8221;off&#8221; background_color=&#8221;RGBA(255,255,255,0)&#8221; background_enable_color=&#8221;on&#8221; icon_color=&#8221;#6B6B6B&#8221; border_color_all=&#8221;RGBA(255,255,255,0)&#8221; sticky_enabled=&#8221;0&#8243;]<\/p>\n<p><em>Lors de votre identification, vous pouvez cocher l\u2019option \u201cmot de passe oubli\u00e9\u201d et vous recevrez dans les minutes qui suivent un e-mail qui vous permettra de d\u00e9finir votre nouveau de mot de passe.<\/em><\/p>\n<p>[\/et_pb_accordion_item][et_pb_accordion_item title=&#8221;Comment s\u2019inscrire \u00e0 la Newsletter ?&#8221; _builder_version=&#8221;4.27.2&#8243; _module_preset=&#8221;default&#8221; hover_enabled=&#8221;0&#8243; global_colors_info=&#8221;{}&#8221; open=&#8221;off&#8221; background_color=&#8221;RGBA(255,255,255,0)&#8221; background_enable_color=&#8221;on&#8221; icon_color=&#8221;#6B6B6B&#8221; sticky_enabled=&#8221;0&#8243; border_color_all=&#8221;RGBA(255,255,255,0)&#8221;]<\/p>\n<p><em>Vous pouvez vous inscrire \u00e0 notre Newsletter pour recevoir nos nouveaut\u00e9s en avant-premi\u00e8re et des offres exclusives depuis la page d\u2019accueil du site, tout en bas. Il vous suffira d\u2019entrer votre email, puis de cliquer sur <strong>s&#8217;incrire<\/strong><\/em>.<\/p>\n<p>[\/et_pb_accordion_item][et_pb_accordion_item title=&#8221;Je souhaite r\u00e9cup\u00e9rer ma facture, comment faire ?&#8221; _builder_version=&#8221;4.27.2&#8243; _module_preset=&#8221;default&#8221; hover_enabled=&#8221;0&#8243; global_colors_info=&#8221;{}&#8221; open=&#8221;on&#8221; background_color=&#8221;RGBA(255,255,255,0)&#8221; background_enable_color=&#8221;on&#8221; border_color_all=&#8221;RGBA(255,255,255,0)&#8221; icon_color=&#8221;#6B6B6B&#8221; sticky_enabled=&#8221;0&#8243;]<\/p>\n<p><em>Vous pouvez nous envoyer une demande via le <span style=\"color: #000000;\"><a href=\"\/contact\/\" style=\"color: #000000;\"><span style=\"text-decoration: underline;\">formulaire\u00a0<\/span><u>de contact<\/u><\/a><\/span>, nous vous enverrons la facture de ta commande.<\/em><\/p>\n<p>[\/et_pb_accordion_item][et_pb_accordion_item title=&#8221;Vous n&#8217;avez pas trouv\u00e9 r\u00e9ponse \u00e0 votre question ?&#8221; _builder_version=&#8221;4.27.2&#8243; _module_preset=&#8221;default&#8221; hover_enabled=&#8221;0&#8243; global_colors_info=&#8221;{}&#8221; open=&#8221;off&#8221; background_color=&#8221;RGBA(255,255,255,0)&#8221; background_enable_color=&#8221;on&#8221; icon_color=&#8221;#6B6B6B&#8221; border_color_all=&#8221;RGBA(255,255,255,0)&#8221; sticky_enabled=&#8221;0&#8243;]<\/p>\n<p><em>Si j\u2019ai un probl\u00e8me, un doute, une question c&#8217;est sur notre <span style=\"color: #000000;\"><u><a href=\"\/contact\/\" style=\"color: #000000;\">page de contact<\/a><\/u><\/span>.<\/em><\/p>\n<p>[\/et_pb_accordion_item][\/et_pb_accordion][\/et_pb_column][\/et_pb_row][et_pb_row _builder_version=&#8221;4.27.2&#8243; _module_preset=&#8221;default&#8221; global_colors_info=&#8221;{}&#8221;][et_pb_column type=&#8221;4_4&#8243; _builder_version=&#8221;4.27.2&#8243; _module_preset=&#8221;default&#8221; global_colors_info=&#8221;{}&#8221;][et_pb_button button_url=&#8221;\/accueil\/&#8221; button_text=&#8221;Retour \u00e0 l&#8217;accueil&#8221; button_alignment=&#8221;center&#8221; _builder_version=&#8221;4.27.2&#8243; _module_preset=&#8221;default&#8221; custom_button=&#8221;on&#8221; button_text_color=&#8221;#FFFFFF&#8221; button_bg_color=&#8221;#000000&#8243; global_colors_info=&#8221;{}&#8221;][\/et_pb_button][\/et_pb_column][\/et_pb_row][\/et_pb_section]<\/p>\n<span class=\"et_bloom_bottom_trigger\"><\/span>","protected":false},"excerpt":{"rendered":"<p>Vous pouvez nous contacter en utilisant\u00a0le formulaire de contact, nous r\u00e9pondrons sous 24h \u00e0 48h maximum du lundi au vendredi de 9h30 \u00e0 18h30, hors week-end et jours f\u00e9ri\u00e9s.D\u00e8s que ta commande est valid\u00e9e et pr\u00e9par\u00e9e, vous recevrez un email de confirmation d\u2019exp\u00e9dition, sur lequel vous trouverez votre num\u00e9ro de suivi La Poste ou Mondial [&hellip;]<\/p>\n","protected":false},"author":2,"featured_media":0,"parent":0,"menu_order":0,"comment_status":"closed","ping_status":"closed","template":"","meta":{"_acf_changed":false,"_et_pb_use_builder":"on","_et_pb_old_content":"","_et_gb_content_width":"","footnotes":""},"class_list":["post-1028","page","type-page","status-publish","hentry"],"acf":[],"_links":{"self":[{"href":"https:\/\/www.maisonpemba.com\/en\/wp-json\/wp\/v2\/pages\/1028","targetHints":{"allow":["GET"]}}],"collection":[{"href":"https:\/\/www.maisonpemba.com\/en\/wp-json\/wp\/v2\/pages"}],"about":[{"href":"https:\/\/www.maisonpemba.com\/en\/wp-json\/wp\/v2\/types\/page"}],"author":[{"embeddable":true,"href":"https:\/\/www.maisonpemba.com\/en\/wp-json\/wp\/v2\/users\/2"}],"replies":[{"embeddable":true,"href":"https:\/\/www.maisonpemba.com\/en\/wp-json\/wp\/v2\/comments?post=1028"}],"version-history":[{"count":12,"href":"https:\/\/www.maisonpemba.com\/en\/wp-json\/wp\/v2\/pages\/1028\/revisions"}],"predecessor-version":[{"id":1048,"href":"https:\/\/www.maisonpemba.com\/en\/wp-json\/wp\/v2\/pages\/1028\/revisions\/1048"}],"wp:attachment":[{"href":"https:\/\/www.maisonpemba.com\/en\/wp-json\/wp\/v2\/media?parent=1028"}],"curies":[{"name":"wp","href":"https:\/\/api.w.org\/{rel}","templated":true}]}}