{"id":1678,"date":"2025-05-29T16:58:40","date_gmt":"2025-05-29T15:58:40","guid":{"rendered":"https:\/\/www.maisonpemba.com\/?post_type=product&#038;p=1678"},"modified":"2025-06-01T11:16:09","modified_gmt":"2025-06-01T10:16:09","slug":"savon-parfume-ekoti-ya-monseigneur","status":"publish","type":"product","link":"https:\/\/www.maisonpemba.com\/en\/product\/savon-parfume-ekoti-ya-monseigneur\/","title":{"rendered":"Savon Parfum\u00e9-Ekoti Ya Monseigneur"},"content":{"rendered":"<p>Parfum :\u00a0Miel &#8211; Amande<\/p>\n<p>Enrichi : Huile d\u2019amande douce nourrissante<br \/>\nColorants naturels : Respectueux de votre peau et de la nature<br \/>\nOrigine : Grasse, capitale mondiale du parfum<\/p>\n<p>Conseil d\u2019utilisation : Faites mousser sur peau humide, puis rincez d\u00e9licatement. \u00c0 utiliser seul ou en combo avec le parfum <strong><a href=\"https:\/\/www.maisonpemba.com\/en\/product\/ekoti-ya-monseigneur-parfum\/\">Ekoti Ya Monseigneur<\/a><\/strong> pour un sillage durable et raffin\u00e9.<\/p>\n<p>Eviter le contact avec les yeux.<br \/>\nPour pr\u00e9venir des irritations oculaires, il est pr\u00e9f\u00e9rable de rincer abondamment avec de l&#8217;eau claire.<\/p>\n<span class=\"et_bloom_bottom_trigger\"><\/span>","protected":false},"excerpt":{"rendered":"<h4>Savon Parfum\u00e9 \u2013 Maison Pemba<\/h4>\n<p>Parfum :\u00a0Miel &#8211; Amande<\/p>\n<p>Savoir-faire <strong>artisanal fran\u00e7ais<\/strong> avec des fragrances nobles en provenance de Grasse.<\/p>\n<p>Savon enrichi \u00e0 l&#8217;huile d&#8217;Amande douce.<\/p>\n<p>Colorant naturel.<\/p>\n<p>Offrez \u00e0 votre peau un moment de gr\u00e2ce avec Ekoti Ya Monseigneur, un savon luxueux et artisanal parfum\u00e9 au miel et \u00e0 l\u2019amande douce. Ce savon aux senteurs envo\u00fbtantes, fabriqu\u00e9 \u00e0 la main, savon par savon, selon un savoir-faire d\u2019exception est une invitation \u00e0 la douceur et \u00e0 l\u2019\u00e9l\u00e9gance.\u00a0 \u00c0 utiliser seul ou en rituel avec le parfum <strong><a href=\"https:\/\/www.maisonpemba.com\/en\/product\/ekoti-ya-monseigneur-parfum\/\">Ekoti Ya Monseigneur<\/a> <\/strong>pour une exp\u00e9rience olfactive sensorielle divine.<\/p>","protected":false},"featured_media":1680,"comment_status":"open","ping_status":"closed","template":"","meta":{"_acf_changed":false,"_et_pb_use_builder":"","_et_pb_old_content":"","_et_gb_content_width":""},"product_brand":[],"product_cat":[83,80,86],"product_tag":[103,93,102,85],"class_list":{"0":"post-1678","1":"product","2":"type-product","3":"status-publish","4":"has-post-thumbnail","6":"product_cat-savons-parfumes-femme","7":"product_cat-savons","8":"product_cat-tous-les-savons","9":"product_tag-amande","10":"product_tag-huile-amande-douce","11":"product_tag-miel","12":"product_tag-savon-parfume","14":"first","15":"instock","16":"taxable","17":"shipping-taxable","18":"purchasable","19":"product-type-variable","20":"has-default-attributes"},"acf":[],"_links":{"self":[{"href":"https:\/\/www.maisonpemba.com\/en\/wp-json\/wp\/v2\/product\/1678","targetHints":{"allow":["GET"]}}],"collection":[{"href":"https:\/\/www.maisonpemba.com\/en\/wp-json\/wp\/v2\/product"}],"about":[{"href":"https:\/\/www.maisonpemba.com\/en\/wp-json\/wp\/v2\/types\/product"}],"replies":[{"embeddable":true,"href":"https:\/\/www.maisonpemba.com\/en\/wp-json\/wp\/v2\/comments?post=1678"}],"wp:featuredmedia":[{"embeddable":true,"href":"https:\/\/www.maisonpemba.com\/en\/wp-json\/wp\/v2\/media\/1680"}],"wp:attachment":[{"href":"https:\/\/www.maisonpemba.com\/en\/wp-json\/wp\/v2\/media?parent=1678"}],"wp:term":[{"taxonomy":"product_brand","embeddable":true,"href":"https:\/\/www.maisonpemba.com\/en\/wp-json\/wp\/v2\/product_brand?post=1678"},{"taxonomy":"product_cat","embeddable":true,"href":"https:\/\/www.maisonpemba.com\/en\/wp-json\/wp\/v2\/product_cat?post=1678"},{"taxonomy":"product_tag","embeddable":true,"href":"https:\/\/www.maisonpemba.com\/en\/wp-json\/wp\/v2\/product_tag?post=1678"}],"curies":[{"name":"wp","href":"https:\/\/api.w.org\/{rel}","templated":true}]}}