{"id":1682,"date":"2025-05-29T16:56:59","date_gmt":"2025-05-29T15:56:59","guid":{"rendered":"https:\/\/www.maisonpemba.com\/?post_type=product&#038;p=1682"},"modified":"2025-06-01T11:15:34","modified_gmt":"2025-06-01T10:15:34","slug":"savon-parfume-lutsolo","status":"publish","type":"product","link":"https:\/\/www.maisonpemba.com\/en\/product\/savon-parfume-lutsolo\/","title":{"rendered":"Savon Parfum\u00e9 &#8211; Lutsolo"},"content":{"rendered":"<p>Parfum :\u00a0Jasmin<\/p>\n<p>Enrichi : Huile d\u2019amande douce nourrissante<br \/>\nColorants naturels : Respectueux de votre peau et de la nature<br \/>\nOrigine : Grasse, capitale mondiale du parfum<\/p>\n<p>Conseil d\u2019utilisation : Faites mousser sur peau humide, puis rincez d\u00e9licatement. \u00c0 utiliser seul ou en combo avec le parfum<strong><a href=\"https:\/\/www.maisonpemba.com\/en\/product\/lutsolo-parfum\/\"> Lutsolo<\/a><\/strong> pour un sillage durable et raffin\u00e9.<\/p>\n<p>Eviter le contact avec les yeux.<br \/>\nPour pr\u00e9venir des irritations oculaires, il est pr\u00e9f\u00e9rable de rincer abondamment avec de l&#8217;eau claire.<\/p>\n<span class=\"et_bloom_bottom_trigger\"><\/span>","protected":false},"excerpt":{"rendered":"<h4>Savon Parfum\u00e9 \u2013 Maison Pemba<\/h4>\n<p>Parfum :\u00a0Jasmin<\/p>\n<p>Savoir-faire artisanal fran\u00e7ais avec des fragrances nobles en provenance de Grasse.<\/p>\n<p>Savon enrichi \u00e0 l&#8217;huile d&#8217;Amande douce.<\/p>\n<p>Colorant naturel.<\/p>\n<p>Le savon Lutsolo est un hommage \u00e0 la d\u00e9licatesse du jasmin. Sa mousse onctueuse, enrichie en huile d\u2019amande douce, nettoie et hydrate votre peau tout en la parfumant d\u2019une senteur florale subtile et envo\u00fbtante, directement issue des champs de Grasse, capitale mondiale du parfum. Ce savon est fabriqu\u00e9 \u00e0 la main en France, savon par savon, selon un savoir-faire d\u2019exception,<br \/>\nSeul ou associ\u00e9 au Parfum <strong><a href=\"https:\/\/www.maisonpemba.com\/en\/product\/lutsolo-parfum\/\">Lutsolo<\/a><\/strong>, ce savon sera un alli\u00e9 du quotidien pour une beaut\u00e9 authentique et sensorielle.<\/p>","protected":false},"featured_media":1684,"comment_status":"open","ping_status":"closed","template":"","meta":{"_acf_changed":false,"_et_pb_use_builder":"","_et_pb_old_content":"","_et_gb_content_width":""},"product_brand":[],"product_cat":[83,17,80,86],"product_tag":[93,104,85],"class_list":{"0":"post-1682","1":"product","2":"type-product","3":"status-publish","4":"has-post-thumbnail","6":"product_cat-savons-parfumes-femme","7":"product_cat-non-classe","8":"product_cat-savons","9":"product_cat-tous-les-savons","10":"product_tag-huile-amande-douce","11":"product_tag-jasmin","12":"product_tag-savon-parfume","14":"first","15":"instock","16":"taxable","17":"shipping-taxable","18":"purchasable","19":"product-type-variable","20":"has-default-attributes"},"acf":[],"_links":{"self":[{"href":"https:\/\/www.maisonpemba.com\/en\/wp-json\/wp\/v2\/product\/1682","targetHints":{"allow":["GET"]}}],"collection":[{"href":"https:\/\/www.maisonpemba.com\/en\/wp-json\/wp\/v2\/product"}],"about":[{"href":"https:\/\/www.maisonpemba.com\/en\/wp-json\/wp\/v2\/types\/product"}],"replies":[{"embeddable":true,"href":"https:\/\/www.maisonpemba.com\/en\/wp-json\/wp\/v2\/comments?post=1682"}],"wp:featuredmedia":[{"embeddable":true,"href":"https:\/\/www.maisonpemba.com\/en\/wp-json\/wp\/v2\/media\/1684"}],"wp:attachment":[{"href":"https:\/\/www.maisonpemba.com\/en\/wp-json\/wp\/v2\/media?parent=1682"}],"wp:term":[{"taxonomy":"product_brand","embeddable":true,"href":"https:\/\/www.maisonpemba.com\/en\/wp-json\/wp\/v2\/product_brand?post=1682"},{"taxonomy":"product_cat","embeddable":true,"href":"https:\/\/www.maisonpemba.com\/en\/wp-json\/wp\/v2\/product_cat?post=1682"},{"taxonomy":"product_tag","embeddable":true,"href":"https:\/\/www.maisonpemba.com\/en\/wp-json\/wp\/v2\/product_tag?post=1682"}],"curies":[{"name":"wp","href":"https:\/\/api.w.org\/{rel}","templated":true}]}}