{"id":1713,"date":"2025-05-31T14:46:14","date_gmt":"2025-05-31T13:46:14","guid":{"rendered":"https:\/\/www.maisonpemba.com\/?post_type=product&#038;p=1713"},"modified":"2025-06-01T11:23:06","modified_gmt":"2025-06-01T10:23:06","slug":"savon-parfume-la-fete-au-paradis","status":"publish","type":"product","link":"https:\/\/www.maisonpemba.com\/en\/product\/savon-parfume-la-fete-au-paradis\/","title":{"rendered":"Savon Parfum\u00e9 &#8211; La F\u00eate au Paradis"},"content":{"rendered":"<p>Parfum :\u00a0Muguet<\/p>\n<p>Enrichi : Huile d\u2019amande douce nourrissante<br \/>\nColorants naturels : Respectueux de votre peau et de la nature<br \/>\nOrigine : Grasse, capitale mondiale du parfum<\/p>\n<p>Conseil d\u2019utilisation : Faites mousser sur peau humide, puis rincez d\u00e9licatement. \u00c0 utiliser seul ou en combo avec le parfum <strong><a href=\"https:\/\/www.maisonpemba.com\/en\/product\/la-fete-au-paradis-parfum\/\">La F\u00eate Au Paradis<\/a><\/strong> pour un sillage durable et raffin\u00e9.<\/p>\n<p>Eviter le contact avec les yeux.<br \/>\nPour pr\u00e9venir des irritations oculaires, il est pr\u00e9f\u00e9rable de rincer abondamment avec de l&#8217;eau claire.<\/p>\n<span class=\"et_bloom_bottom_trigger\"><\/span>","protected":false},"excerpt":{"rendered":"<h4>Savon Parfum\u00e9 \u2013 Maison Pemba<\/h4>\n<p>Parfum :\u00a0Muguet<\/p>\n<p>Savoir-faire <strong>artisanal fran\u00e7ais<\/strong> avec des fragrances nobles en provenance de Grasse.<\/p>\n<p>Savon enrichi \u00e0 l&#8217;huile d&#8217;Amande douce.<\/p>\n<p>Colorant naturel.<\/p>\n<p><span style=\"font-family: 'Arial','sans-serif'; color: #222222; background: white;\">Plongez dans un univers de fra\u00eecheur florale avec La F\u00eate au Paradis, un savon fait main aux d\u00e9licates notes de muguet, enrichi \u00e0 l\u2019huile d\u2019amande douce. Fabriqu\u00e9 en France, il est coul\u00e9 et emball\u00e9 \u00e0 la main, savon par savon, pour garantir une qualit\u00e9 artisanale irr\u00e9prochable.<\/span><span style=\"font-family: 'Arial','sans-serif'; color: #222222;\"><br \/>\n<span style=\"background: white;\">Son parfum subtil et joyeux \u00e9voque les matin\u00e9es de printemps, tandis que sa texture onctueuse laisse la peau douce, nourrie et agr\u00e9ablement parfum\u00e9e.<\/span><\/span><\/p>\n<p><span style=\"font-family: 'Arial','sans-serif'; color: #222222; background: white;\">Ce savon inspir\u00e9 du Parfum <strong><a href=\"https:\/\/www.maisonpemba.com\/en\/product\/la-fete-au-paradis-parfum\/\">La F\u00eate au Paradis<\/a> <\/strong>fait de chaque utilisation un v\u00e9ritable rituel de bien-\u00eatre qui \u00e9veille les sens et enchante l\u2019\u00e2me<\/span><\/p>\n<p><span style=\"font-family: 'Arial','sans-serif'; color: #222222; background: white;\">\u00a0Une touche de nature, un souffle de f\u00eate\u2026 chaque jour devient une c\u00e9l\u00e9bration.<\/span><\/p>","protected":false},"featured_media":1715,"comment_status":"open","ping_status":"closed","template":"","meta":{"_acf_changed":false,"_et_pb_use_builder":"","_et_pb_old_content":"","_et_gb_content_width":""},"product_brand":[],"product_cat":[83,80,86],"product_tag":[93,91,85],"class_list":{"0":"post-1713","1":"product","2":"type-product","3":"status-publish","4":"has-post-thumbnail","6":"product_cat-savons-parfumes-femme","7":"product_cat-savons","8":"product_cat-tous-les-savons","9":"product_tag-huile-amande-douce","10":"product_tag-muguet","11":"product_tag-savon-parfume","13":"first","14":"instock","15":"taxable","16":"shipping-taxable","17":"purchasable","18":"product-type-variable","19":"has-default-attributes"},"acf":[],"_links":{"self":[{"href":"https:\/\/www.maisonpemba.com\/en\/wp-json\/wp\/v2\/product\/1713","targetHints":{"allow":["GET"]}}],"collection":[{"href":"https:\/\/www.maisonpemba.com\/en\/wp-json\/wp\/v2\/product"}],"about":[{"href":"https:\/\/www.maisonpemba.com\/en\/wp-json\/wp\/v2\/types\/product"}],"replies":[{"embeddable":true,"href":"https:\/\/www.maisonpemba.com\/en\/wp-json\/wp\/v2\/comments?post=1713"}],"wp:featuredmedia":[{"embeddable":true,"href":"https:\/\/www.maisonpemba.com\/en\/wp-json\/wp\/v2\/media\/1715"}],"wp:attachment":[{"href":"https:\/\/www.maisonpemba.com\/en\/wp-json\/wp\/v2\/media?parent=1713"}],"wp:term":[{"taxonomy":"product_brand","embeddable":true,"href":"https:\/\/www.maisonpemba.com\/en\/wp-json\/wp\/v2\/product_brand?post=1713"},{"taxonomy":"product_cat","embeddable":true,"href":"https:\/\/www.maisonpemba.com\/en\/wp-json\/wp\/v2\/product_cat?post=1713"},{"taxonomy":"product_tag","embeddable":true,"href":"https:\/\/www.maisonpemba.com\/en\/wp-json\/wp\/v2\/product_tag?post=1713"}],"curies":[{"name":"wp","href":"https:\/\/api.w.org\/{rel}","templated":true}]}}