{"id":1716,"date":"2025-05-30T14:59:07","date_gmt":"2025-05-30T13:59:07","guid":{"rendered":"https:\/\/www.maisonpemba.com\/?post_type=product&#038;p=1716"},"modified":"2025-06-01T11:20:59","modified_gmt":"2025-06-01T10:20:59","slug":"savon-parfume-mawassi-kitoko","status":"publish","type":"product","link":"https:\/\/www.maisonpemba.com\/en\/product\/savon-parfume-mawassi-kitoko\/","title":{"rendered":"Savon Parfum\u00e9 &#8211; Mawassi Kitoko"},"content":{"rendered":"<p>Parfum :\u00a0Vanille<\/p>\n<p>Enrichi : Huile d\u2019amande douce nourrissante<br \/>\nColorants naturels : Respectueux de votre peau et de la nature<br \/>\nOrigine : Grasse, capitale mondiale du parfum<\/p>\n<p>Conseil d\u2019utilisation : Faites mousser sur peau humide, puis rincez d\u00e9licatement. \u00c0 utiliser seul ou en combo avec le parfum <strong><a href=\"https:\/\/www.maisonpemba.com\/en\/product\/mwassi-kitoko-parfum\/\">Mwassi Kitoko<\/a><\/strong> pour un sillage durable et raffin\u00e9.<\/p>\n<p>Eviter le contact avec les yeux.<br \/>\nPour pr\u00e9venir des irritations oculaires, il est pr\u00e9f\u00e9rable de rincer abondamment avec de l&#8217;eau claire.<\/p>\n<span class=\"et_bloom_bottom_trigger\"><\/span>","protected":false},"excerpt":{"rendered":"<h4>Savon Parfum\u00e9 \u2013 Maison Pemba<\/h4>\n<p>Parfum :\u00a0Vanille<\/p>\n<p>Savoir-faire artisanal fran\u00e7ai<strong>s<\/strong> avec des fragrances nobles en provenance de Grasse.<\/p>\n<p>Savon enrichi \u00e0 l&#8217;huile d&#8217;Amande douce.<\/p>\n<p>Colorant naturel.<\/p>\n<p><span style=\"font-family: 'Arial','sans-serif'; color: #222222; background: white;\">Succombez \u00e0 la douceur velout\u00e9e du savon Mwassi Kitoko, au parfum tendre de vanille et au toucher soyeux de l\u2019huile d\u2019amande douce. Coul\u00e9, d\u00e9coup\u00e9 et emball\u00e9 \u00e0 la main, il incarne l\u2019\u00e9l\u00e9gance naturelle de la femme belle, forte et lumineuse. <\/span><\/p>\n<p><span style=\"font-family: 'Arial','sans-serif'; color: #222222; background: white;\">Chaque utilisation transforme votre routine en un instant de gr\u00e2ce. Inspir\u00e9 du parfum du m\u00eame nom, <strong><a href=\"https:\/\/www.maisonpemba.com\/en\/product\/mwassi-kitoko-parfum\/\">Mwassi Kitoko<\/a><\/strong> est bien plus qu\u2019un savon : c\u2019est un hommage \u00e0 la f\u00e9minit\u00e9 radieuse. <\/span><\/p>","protected":false},"featured_media":1718,"comment_status":"open","ping_status":"closed","template":"","meta":{"_acf_changed":false,"_et_pb_use_builder":"","_et_pb_old_content":"","_et_gb_content_width":""},"product_brand":[],"product_cat":[83,80,86],"product_tag":[93,85,90],"class_list":{"0":"post-1716","1":"product","2":"type-product","3":"status-publish","4":"has-post-thumbnail","6":"product_cat-savons-parfumes-femme","7":"product_cat-savons","8":"product_cat-tous-les-savons","9":"product_tag-huile-amande-douce","10":"product_tag-savon-parfume","11":"product_tag-vanille","13":"first","14":"instock","15":"taxable","16":"shipping-taxable","17":"purchasable","18":"product-type-variable","19":"has-default-attributes"},"acf":[],"_links":{"self":[{"href":"https:\/\/www.maisonpemba.com\/en\/wp-json\/wp\/v2\/product\/1716","targetHints":{"allow":["GET"]}}],"collection":[{"href":"https:\/\/www.maisonpemba.com\/en\/wp-json\/wp\/v2\/product"}],"about":[{"href":"https:\/\/www.maisonpemba.com\/en\/wp-json\/wp\/v2\/types\/product"}],"replies":[{"embeddable":true,"href":"https:\/\/www.maisonpemba.com\/en\/wp-json\/wp\/v2\/comments?post=1716"}],"wp:featuredmedia":[{"embeddable":true,"href":"https:\/\/www.maisonpemba.com\/en\/wp-json\/wp\/v2\/media\/1718"}],"wp:attachment":[{"href":"https:\/\/www.maisonpemba.com\/en\/wp-json\/wp\/v2\/media?parent=1716"}],"wp:term":[{"taxonomy":"product_brand","embeddable":true,"href":"https:\/\/www.maisonpemba.com\/en\/wp-json\/wp\/v2\/product_brand?post=1716"},{"taxonomy":"product_cat","embeddable":true,"href":"https:\/\/www.maisonpemba.com\/en\/wp-json\/wp\/v2\/product_cat?post=1716"},{"taxonomy":"product_tag","embeddable":true,"href":"https:\/\/www.maisonpemba.com\/en\/wp-json\/wp\/v2\/product_tag?post=1716"}],"curies":[{"name":"wp","href":"https:\/\/api.w.org\/{rel}","templated":true}]}}