{"id":1719,"date":"2025-05-31T14:37:53","date_gmt":"2025-05-31T13:37:53","guid":{"rendered":"https:\/\/www.maisonpemba.com\/?post_type=product&#038;p=1719"},"modified":"2025-12-14T12:14:11","modified_gmt":"2025-12-14T11:14:11","slug":"savon-parfume-mapata","status":"publish","type":"product","link":"https:\/\/www.maisonpemba.com\/en\/product\/savon-parfume-mapata\/","title":{"rendered":"Savon Parfum\u00e9 &#8211; Mapata"},"content":{"rendered":"<p>Parfum :\u00a0Mimosa<\/p>\n<p>Enrichi : Huile d\u2019amande douce nourrissante<br \/>\nColorants naturels : Respectueux de votre peau et de la nature<br \/>\nOrigine : Grasse, capitale mondiale du parfum<\/p>\n<p>Conseil d\u2019utilisation : Faites mousser sur peau humide, puis rincez d\u00e9licatement. \u00c0 utiliser seul ou en combo avec le parfum <strong><a href=\"https:\/\/www.maisonpemba.com\/en\/product\/mapata-parfum\/\">Mapata<\/a><\/strong> pour un sillage durable et raffin\u00e9.<\/p>\n<p>Eviter le contact avec les yeux.<br \/>\nPour pr\u00e9venir des irritations oculaires, il est pr\u00e9f\u00e9rable de rincer abondamment avec de l&#8217;eau claire.<\/p>\n<span class=\"et_bloom_bottom_trigger\"><\/span>","protected":false},"excerpt":{"rendered":"<h4>Savon Parfum\u00e9 \u2013 Maison Pemba<\/h4>\n<p>Parfum :\u00a0Mimosa<\/p>\n<p>Savoir-faire <strong>artisanal fran\u00e7ais<\/strong> avec des fragrances nobles en provenance de Grasse.<\/p>\n<p>Savon enrichi \u00e0 l&#8217;huile d&#8217;Amande douce.<\/p>\n<p>Colorant naturel.<\/p>\n<p><span style=\"font-family: 'Arial','sans-serif'; color: #222222; background: white;\">Laissez-vous envelopper par la douceur d\u2019un nuage\u2026<\/span><\/p>\n<p><span style=\"font-family: 'Arial','sans-serif'; color: #222222; background: white;\"><strong><a href=\"https:\/\/www.maisonpemba.com\/en\/product\/mapata-parfum\/\">Mapata<\/a><\/strong>, c\u2019est la promesse d\u2019une bulle de s\u00e9r\u00e9nit\u00e9. Chaque savon est fa\u00e7onn\u00e9 \u00e0 la main en France, color\u00e9 naturellement et parfum\u00e9 au mimosa, fleur solaire de Grasse. Sa mousse l\u00e9g\u00e8re glisse sur la peau comme une brise florale. Riche en huile d\u2019amande douce, nettoie sans agresser, tout en laissant la peau souple et d\u00e9licatement parfum\u00e9e, comme apr\u00e8s une pluie l\u00e9g\u00e8re sous un ciel d\u2019\u00e9t\u00e9. <\/span><\/p>","protected":false},"featured_media":1721,"comment_status":"open","ping_status":"closed","template":"","meta":{"_acf_changed":false,"_et_pb_use_builder":"","_et_pb_old_content":"","_et_gb_content_width":""},"product_brand":[],"product_cat":[83,80,86],"product_tag":[93,89,85],"class_list":{"0":"post-1719","1":"product","2":"type-product","3":"status-publish","4":"has-post-thumbnail","6":"product_cat-savons-parfumes-femme","7":"product_cat-savons","8":"product_cat-tous-les-savons","9":"product_tag-huile-amande-douce","10":"product_tag-mimosa","11":"product_tag-savon-parfume","13":"first","14":"instock","15":"taxable","16":"shipping-taxable","17":"purchasable","18":"product-type-variable","19":"has-default-attributes"},"acf":[],"_links":{"self":[{"href":"https:\/\/www.maisonpemba.com\/en\/wp-json\/wp\/v2\/product\/1719","targetHints":{"allow":["GET"]}}],"collection":[{"href":"https:\/\/www.maisonpemba.com\/en\/wp-json\/wp\/v2\/product"}],"about":[{"href":"https:\/\/www.maisonpemba.com\/en\/wp-json\/wp\/v2\/types\/product"}],"replies":[{"embeddable":true,"href":"https:\/\/www.maisonpemba.com\/en\/wp-json\/wp\/v2\/comments?post=1719"}],"wp:featuredmedia":[{"embeddable":true,"href":"https:\/\/www.maisonpemba.com\/en\/wp-json\/wp\/v2\/media\/1721"}],"wp:attachment":[{"href":"https:\/\/www.maisonpemba.com\/en\/wp-json\/wp\/v2\/media?parent=1719"}],"wp:term":[{"taxonomy":"product_brand","embeddable":true,"href":"https:\/\/www.maisonpemba.com\/en\/wp-json\/wp\/v2\/product_brand?post=1719"},{"taxonomy":"product_cat","embeddable":true,"href":"https:\/\/www.maisonpemba.com\/en\/wp-json\/wp\/v2\/product_cat?post=1719"},{"taxonomy":"product_tag","embeddable":true,"href":"https:\/\/www.maisonpemba.com\/en\/wp-json\/wp\/v2\/product_tag?post=1719"}],"curies":[{"name":"wp","href":"https:\/\/api.w.org\/{rel}","templated":true}]}}