{"id":1725,"date":"2025-05-31T14:33:21","date_gmt":"2025-05-31T13:33:21","guid":{"rendered":"https:\/\/www.maisonpemba.com\/?post_type=product&#038;p=1725"},"modified":"2025-06-01T11:22:07","modified_gmt":"2025-06-01T10:22:07","slug":"savon-parfume-u-sa-na-temo","status":"publish","type":"product","link":"https:\/\/www.maisonpemba.com\/en\/product\/savon-parfume-u-sa-na-temo\/","title":{"rendered":"Savon Parfum\u00e9 &#8211; U Sa Na Temo"},"content":{"rendered":"<p>Parfum :\u00a0Rose de Damas<\/p>\n<p>Enrichi : Huile d\u2019amande douce nourrissante<br \/>\nColorants naturels : Respectueux de votre peau et de la nature<br \/>\nOrigine : Grasse, capitale mondiale du parfum<\/p>\n<p>Conseil d\u2019utilisation : Faites mousser sur peau humide, puis rincez d\u00e9licatement. \u00c0 utiliser seul ou en combo avec le parfum <strong><a href=\"https:\/\/www.maisonpemba.com\/en\/product\/u-sa-na-temo-parfum\/\">U Sa Na T\u00e9mo<\/a><\/strong> pour un sillage durable et raffin\u00e9.<\/p>\n<p>Eviter le contact avec les yeux.<br \/>\nPour pr\u00e9venir des irritations oculaires, il est pr\u00e9f\u00e9rable de rincer abondamment avec de l&#8217;eau claire.<\/p>\n<span class=\"et_bloom_bottom_trigger\"><\/span>","protected":false},"excerpt":{"rendered":"<h4>Savon Parfum\u00e9 \u2013 Maison Pemba<\/h4>\n<p>Parfum :\u00a0Rose de Damas<\/p>\n<p>Savoir-faire artisanal fran\u00e7ais avec des fragrances nobles en provenance de Grasse.<\/p>\n<p>Savon enrichi \u00e0 l&#8217;huile d&#8217;Amande douce.<\/p>\n<p>Colorant naturel.<\/p>\n<p>U Sa Na Temo c\u00e9l\u00e8bre l\u2019audace au f\u00e9minin. Enrichi \u00e0 l\u2019huile d\u2019amande douce et parfum\u00e9 \u00e0 la\u00a0 pr\u00e9cieuse Rose de Damas, il allie soin, parfum et symbolique. Tout comme le parfum<strong><a href=\"https:\/\/www.maisonpemba.com\/en\/product\/u-sa-na-temo-parfum\/\"> U Sa NA Temo<\/a> <\/strong>dont il est inspir\u00e9, ce savon incarne la puissance douce d\u2019une femme libre.<br \/>\nFabriqu\u00e9 en France et fa\u00e7onn\u00e9 \u00e0 la main, ce savon \u00e0 la signature florale raffin\u00e9e est un geste audacieux de beaut\u00e9 et de douceur quotidienne.<\/p>\n<p>Chaque geste de soin devient une d\u00e9claration : celle d\u2019oser la tendresse, la beaut\u00e9, et l\u2019affirmation de soi.<\/p>","protected":false},"featured_media":1727,"comment_status":"open","ping_status":"closed","template":"","meta":{"_acf_changed":false,"_et_pb_use_builder":"","_et_pb_old_content":"","_et_gb_content_width":""},"product_brand":[],"product_cat":[83,80,86],"product_tag":[93,92,85],"class_list":{"0":"post-1725","1":"product","2":"type-product","3":"status-publish","4":"has-post-thumbnail","6":"product_cat-savons-parfumes-femme","7":"product_cat-savons","8":"product_cat-tous-les-savons","9":"product_tag-huile-amande-douce","10":"product_tag-rose-de-damas","11":"product_tag-savon-parfume","13":"first","14":"instock","15":"taxable","16":"shipping-taxable","17":"purchasable","18":"product-type-variable","19":"has-default-attributes"},"acf":[],"_links":{"self":[{"href":"https:\/\/www.maisonpemba.com\/en\/wp-json\/wp\/v2\/product\/1725","targetHints":{"allow":["GET"]}}],"collection":[{"href":"https:\/\/www.maisonpemba.com\/en\/wp-json\/wp\/v2\/product"}],"about":[{"href":"https:\/\/www.maisonpemba.com\/en\/wp-json\/wp\/v2\/types\/product"}],"replies":[{"embeddable":true,"href":"https:\/\/www.maisonpemba.com\/en\/wp-json\/wp\/v2\/comments?post=1725"}],"wp:featuredmedia":[{"embeddable":true,"href":"https:\/\/www.maisonpemba.com\/en\/wp-json\/wp\/v2\/media\/1727"}],"wp:attachment":[{"href":"https:\/\/www.maisonpemba.com\/en\/wp-json\/wp\/v2\/media?parent=1725"}],"wp:term":[{"taxonomy":"product_brand","embeddable":true,"href":"https:\/\/www.maisonpemba.com\/en\/wp-json\/wp\/v2\/product_brand?post=1725"},{"taxonomy":"product_cat","embeddable":true,"href":"https:\/\/www.maisonpemba.com\/en\/wp-json\/wp\/v2\/product_cat?post=1725"},{"taxonomy":"product_tag","embeddable":true,"href":"https:\/\/www.maisonpemba.com\/en\/wp-json\/wp\/v2\/product_tag?post=1725"}],"curies":[{"name":"wp","href":"https:\/\/api.w.org\/{rel}","templated":true}]}}