{"id":1733,"date":"2025-05-31T21:00:58","date_gmt":"2025-05-31T20:00:58","guid":{"rendered":"https:\/\/www.maisonpemba.com\/?post_type=product&#038;p=1733"},"modified":"2026-04-06T17:30:18","modified_gmt":"2026-04-06T16:30:18","slug":"savon-soin-calophylle","status":"publish","type":"product","link":"https:\/\/www.maisonpemba.com\/en\/product\/savon-soin-calophylle\/","title":{"rendered":"Savon Soin &#8211; Calophylle"},"content":{"rendered":"<p>Savon Bien-\u00catre Calophylle Bio.<\/p>\n<p>Fabriqu\u00e9 en France, fait main, savon par savon. Sans colorant &amp; sans parfum.<\/p>\n<p>Enrichi \u00e0 l&#8217;huile de Calophylle Bio.<\/p>\n<p><u>Conseil d\u2019Utilisation<\/u><\/p>\n<p>Pour la toilette du corps et du visage.<br \/>\nPour se laver les mains.<\/p>\n<p>Eviter le contact avec les yeux.<br \/>\nPour pr\u00e9venir des irritations oculaires, il est pr\u00e9f\u00e9rable de rincer abondamment avec de l&#8217;eau claire.<\/p>\n<span class=\"et_bloom_bottom_trigger\"><\/span>","protected":false},"excerpt":{"rendered":"<h4>Savon Soin \u2013 Maison Pemba<\/h4>\n<p>Savoir-faire <strong>artisanal fran\u00e7ais<\/strong>.<\/p>\n<p>Savon enrichi \u00e0 l&#8217;huile de Calophylle Bio.<\/p>\n<p>Sans Colorant.<\/p>\n<p>Savon Soin \u00e0 l\u2019Huile de Calophylle Bio<br \/>\nFabriqu\u00e9 en France, \u00e0 la main, sans parfum ni colorant, ce savon surgras de 110g est un v\u00e9ritable alli\u00e9 des peaux \u00e0 probl\u00e8mes. Enrichi en huile de Calophylle bio, connue pour ses vertus cicatrisantes, anti-inflammatoires et antifongiques, il apaise l\u2019acn\u00e9, l\u2019ecz\u00e9ma, le psoriasis, et favorise la r\u00e9g\u00e9n\u00e9ration cutan\u00e9e.<\/p>\n<p>Son action apaisante et r\u00e9paratrice en fait un soin quotidien id\u00e9al pour le corps, le visage et m\u00eame le cuir chevelu.<br \/>\nUn geste doux et naturel pour r\u00e9\u00e9quilibrer et r\u00e9parer en profondeur.<\/p>\n<p><em><u>Bienfaits :<\/u><\/em><em>\u00a0<\/em>Notre savon enrichi \u00e0 l&#8217;huile de Calophylle a pour action de cicatrisant, de lutter contre l&#8217;acn\u00e9, l&#8217;ecz\u00e9ma et le psoriasis.<\/p>","protected":false},"featured_media":1735,"comment_status":"open","ping_status":"closed","template":"","meta":{"_acf_changed":false,"_et_pb_use_builder":"","_et_pb_old_content":"","_et_gb_content_width":""},"product_brand":[],"product_cat":[82,80,86],"product_tag":[110,108],"class_list":{"0":"post-1733","1":"product","2":"type-product","3":"status-publish","4":"has-post-thumbnail","6":"product_cat-savons-soin","7":"product_cat-savons","8":"product_cat-tous-les-savons","9":"product_tag-calophylle","10":"product_tag-savon-soin","12":"first","13":"instock","14":"taxable","15":"shipping-taxable","16":"purchasable","17":"product-type-variable","18":"has-default-attributes"},"acf":[],"_links":{"self":[{"href":"https:\/\/www.maisonpemba.com\/en\/wp-json\/wp\/v2\/product\/1733","targetHints":{"allow":["GET"]}}],"collection":[{"href":"https:\/\/www.maisonpemba.com\/en\/wp-json\/wp\/v2\/product"}],"about":[{"href":"https:\/\/www.maisonpemba.com\/en\/wp-json\/wp\/v2\/types\/product"}],"replies":[{"embeddable":true,"href":"https:\/\/www.maisonpemba.com\/en\/wp-json\/wp\/v2\/comments?post=1733"}],"wp:featuredmedia":[{"embeddable":true,"href":"https:\/\/www.maisonpemba.com\/en\/wp-json\/wp\/v2\/media\/1735"}],"wp:attachment":[{"href":"https:\/\/www.maisonpemba.com\/en\/wp-json\/wp\/v2\/media?parent=1733"}],"wp:term":[{"taxonomy":"product_brand","embeddable":true,"href":"https:\/\/www.maisonpemba.com\/en\/wp-json\/wp\/v2\/product_brand?post=1733"},{"taxonomy":"product_cat","embeddable":true,"href":"https:\/\/www.maisonpemba.com\/en\/wp-json\/wp\/v2\/product_cat?post=1733"},{"taxonomy":"product_tag","embeddable":true,"href":"https:\/\/www.maisonpemba.com\/en\/wp-json\/wp\/v2\/product_tag?post=1733"}],"curies":[{"name":"wp","href":"https:\/\/api.w.org\/{rel}","templated":true}]}}