{"id":1745,"date":"2025-06-01T11:37:40","date_gmt":"2025-06-01T10:37:40","guid":{"rendered":"https:\/\/www.maisonpemba.com\/?post_type=product&#038;p=1745"},"modified":"2025-06-01T11:37:40","modified_gmt":"2025-06-01T10:37:40","slug":"savon-soin-calendula","status":"publish","type":"product","link":"https:\/\/www.maisonpemba.com\/en\/product\/savon-soin-calendula\/","title":{"rendered":"Savon Soin &#8211; Calendula"},"content":{"rendered":"<p>Savon Bien-\u00catre Calendula.<\/p>\n<p>Fabriqu\u00e9 en France, fait main, savon par savon. Sans colorant &amp; sans parfum.<\/p>\n<p>Enrichi \u00e0 l&#8217;huile de Calendula.<\/p>\n<p><u>Conseils d\u2019utilisation<\/u><\/p>\n<p>Pour la toilette du corps et du visage.<br \/>\nPour se laver les mains.<\/p>\n<p>Eviter le contact avec les yeux.<br \/>\nPour pr\u00e9venir des irritations oculaires, il est pr\u00e9f\u00e9rable de rincer abondamment avec de l&#8217;eau claire.<\/p>\n<span class=\"et_bloom_bottom_trigger\"><\/span>","protected":false},"excerpt":{"rendered":"<h4>Savon Soin \u2013 Maison Pemba<\/h4>\n<p>Savoir-faire <strong>artisanal fran\u00e7ais<\/strong>.<\/p>\n<p>Savon enrichi \u00e0 l\u2019huile de Calendula.<\/p>\n<p>Sans Colorant.<\/p>\n<p>&nbsp;<\/p>\n<p>Quand la nature gu\u00e9rit, elle le fait en silence.<\/p>\n<p>Pens\u00e9 pour respecter les peaux les plus exigeantes, notre savon soin \u00e0 la Calophylle Bio, sans parfum ni colorant, est une ode \u00e0 la peau qui cherche la paix. Il apaise, r\u00e9pare et purifie avec une douceur infinie. V\u00e9ritable rituel de soin pour les peaux ab\u00eem\u00e9es, sensibles ou sujettes aux d\u00e9s\u00e9quilibres, il est un retour \u00e0 l\u2019essentiel.<\/p>\n<p>Une solution naturelle et artisanale, pour une peau r\u00e9\u00e9quilibr\u00e9e et prot\u00e9g\u00e9e.<\/p>\n<p><em><u>Bienfaits :<\/u><\/em><em>\u00a0<\/em>Notre savon enrichie \u00e0 l&#8217;huile de Calendula a pour action de\u00a0lutter contre l&#8217;irritation cutan\u00e9e, prot\u00e8ge la peau r\u00e9active, hydrate la peau s\u00e8che &amp; rugueuse.<\/p>","protected":false},"featured_media":1747,"comment_status":"open","ping_status":"closed","template":"","meta":{"_acf_changed":false,"_et_pb_use_builder":"","_et_pb_old_content":"","_et_gb_content_width":""},"product_brand":[],"product_cat":[82,80,86],"product_tag":[112,108],"class_list":{"0":"post-1745","1":"product","2":"type-product","3":"status-publish","4":"has-post-thumbnail","6":"product_cat-savons-soin","7":"product_cat-savons","8":"product_cat-tous-les-savons","9":"product_tag-calendula","10":"product_tag-savon-soin","12":"first","13":"instock","14":"taxable","15":"shipping-taxable","16":"purchasable","17":"product-type-variable","18":"has-default-attributes"},"acf":[],"_links":{"self":[{"href":"https:\/\/www.maisonpemba.com\/en\/wp-json\/wp\/v2\/product\/1745","targetHints":{"allow":["GET"]}}],"collection":[{"href":"https:\/\/www.maisonpemba.com\/en\/wp-json\/wp\/v2\/product"}],"about":[{"href":"https:\/\/www.maisonpemba.com\/en\/wp-json\/wp\/v2\/types\/product"}],"replies":[{"embeddable":true,"href":"https:\/\/www.maisonpemba.com\/en\/wp-json\/wp\/v2\/comments?post=1745"}],"wp:featuredmedia":[{"embeddable":true,"href":"https:\/\/www.maisonpemba.com\/en\/wp-json\/wp\/v2\/media\/1747"}],"wp:attachment":[{"href":"https:\/\/www.maisonpemba.com\/en\/wp-json\/wp\/v2\/media?parent=1745"}],"wp:term":[{"taxonomy":"product_brand","embeddable":true,"href":"https:\/\/www.maisonpemba.com\/en\/wp-json\/wp\/v2\/product_brand?post=1745"},{"taxonomy":"product_cat","embeddable":true,"href":"https:\/\/www.maisonpemba.com\/en\/wp-json\/wp\/v2\/product_cat?post=1745"},{"taxonomy":"product_tag","embeddable":true,"href":"https:\/\/www.maisonpemba.com\/en\/wp-json\/wp\/v2\/product_tag?post=1745"}],"curies":[{"name":"wp","href":"https:\/\/api.w.org\/{rel}","templated":true}]}}