{"id":1748,"date":"2025-06-01T11:52:22","date_gmt":"2025-06-01T10:52:22","guid":{"rendered":"https:\/\/www.maisonpemba.com\/?post_type=product&#038;p=1748"},"modified":"2025-06-01T14:43:56","modified_gmt":"2025-06-01T13:43:56","slug":"savon-parfume-riviere-bleue","status":"publish","type":"product","link":"https:\/\/www.maisonpemba.com\/en\/product\/savon-parfume-riviere-bleue\/","title":{"rendered":"Savon Parfum\u00e9 &#8211; Rivi\u00e8re bleue"},"content":{"rendered":"<p>Parfum : l&#8217;Aquatique Bois\u00e9<\/p>\n<p>Enrichi : Huile d\u2019amande douce nourrissante<br \/>\nColorants naturels : Respectueux de votre peau et de la nature<br \/>\nOrigine : Grasse, capitale mondiale du parfum<\/p>\n<p>Conseil d\u2019utilisation : Faites mousser sur peau humide, puis rincez d\u00e9licatement. \u00c0 utiliser seul ou en combo avec le parfum <strong><a href=\"https:\/\/www.maisonpemba.com\/en\/product\/riviere-bleue-parfum\/\">Rivi\u00e8re Bleue<\/a><\/strong> pour un sillage durable et raffin\u00e9.<\/p>\n<p>Eviter le contact avec les yeux.<br \/>\nPour pr\u00e9venir des irritations oculaires, il est pr\u00e9f\u00e9rable de rincer abondamment avec de l&#8217;eau claire.<\/p>\n<span class=\"et_bloom_bottom_trigger\"><\/span>","protected":false},"excerpt":{"rendered":"<h4>Savon Parfum\u00e9 \u2013 Maison Pemba<\/h4>\n<p>Parfum :\u00a0Aquatique Bois\u00e9<\/p>\n<p>Savoir-faire <strong>artisanal fran\u00e7ais<\/strong> avec des fragrances nobles en provenance de Grasse.<\/p>\n<p>Savon enrichi \u00e0 l&#8217;huile d&#8217;Amande douce.<\/p>\n<p>Colorant naturel.<\/p>\n<p>D\u00e9couvrez Rivi\u00e8re Bleue, un savon pour homme fa\u00e7onn\u00e9 \u00e0 la main en France. Enrichi \u00e0 l\u2019huile d\u2019amande douce et d\u00e9licatement parfum\u00e9 \u00e0 l\u2019accord aquatique bois\u00e9, il \u00e9voque la fra\u00eecheur d\u2019un torrent limpide au c\u0153ur d\u2019une for\u00eat dense. Une senteur noble, profonde et vivifiante, qui nettoie la peau tout en la nourrissant, la laissant douce, fra\u00eeche et subtilement parfum\u00e9e.<\/p>\n<p>Tout comme le parfum <strong><a href=\"https:\/\/www.maisonpemba.com\/en\/product\/riviere-bleue-parfum\/\">Rivi\u00e8re Bleue<\/a><\/strong> dont il est inspir\u00e9, ce savon est un hommage aux esprits libres, pour les hommes qui aiment conjuguer force tranquille, fra\u00eecheur naturelle et raffinement sensoriel.<\/p>","protected":false},"featured_media":1750,"comment_status":"open","ping_status":"closed","template":"","meta":{"_acf_changed":false,"_et_pb_use_builder":"","_et_pb_old_content":"","_et_gb_content_width":""},"product_brand":[],"product_cat":[81,80,86],"product_tag":[113,114,93,85],"class_list":{"0":"post-1748","1":"product","2":"type-product","3":"status-publish","4":"has-post-thumbnail","6":"product_cat-savons-parfumes-homme","7":"product_cat-savons","8":"product_cat-tous-les-savons","9":"product_tag-aquatique","10":"product_tag-boise","11":"product_tag-huile-amande-douce","12":"product_tag-savon-parfume","14":"first","15":"instock","16":"taxable","17":"shipping-taxable","18":"purchasable","19":"product-type-variable","20":"has-default-attributes"},"acf":[],"_links":{"self":[{"href":"https:\/\/www.maisonpemba.com\/en\/wp-json\/wp\/v2\/product\/1748","targetHints":{"allow":["GET"]}}],"collection":[{"href":"https:\/\/www.maisonpemba.com\/en\/wp-json\/wp\/v2\/product"}],"about":[{"href":"https:\/\/www.maisonpemba.com\/en\/wp-json\/wp\/v2\/types\/product"}],"replies":[{"embeddable":true,"href":"https:\/\/www.maisonpemba.com\/en\/wp-json\/wp\/v2\/comments?post=1748"}],"wp:featuredmedia":[{"embeddable":true,"href":"https:\/\/www.maisonpemba.com\/en\/wp-json\/wp\/v2\/media\/1750"}],"wp:attachment":[{"href":"https:\/\/www.maisonpemba.com\/en\/wp-json\/wp\/v2\/media?parent=1748"}],"wp:term":[{"taxonomy":"product_brand","embeddable":true,"href":"https:\/\/www.maisonpemba.com\/en\/wp-json\/wp\/v2\/product_brand?post=1748"},{"taxonomy":"product_cat","embeddable":true,"href":"https:\/\/www.maisonpemba.com\/en\/wp-json\/wp\/v2\/product_cat?post=1748"},{"taxonomy":"product_tag","embeddable":true,"href":"https:\/\/www.maisonpemba.com\/en\/wp-json\/wp\/v2\/product_tag?post=1748"}],"curies":[{"name":"wp","href":"https:\/\/api.w.org\/{rel}","templated":true}]}}