{"id":1765,"date":"2025-06-01T15:32:43","date_gmt":"2025-06-01T14:32:43","guid":{"rendered":"https:\/\/www.maisonpemba.com\/?post_type=product&#038;p=1765"},"modified":"2025-06-01T15:32:43","modified_gmt":"2025-06-01T14:32:43","slug":"savon-parfume-mystere-du-mayombe","status":"publish","type":"product","link":"https:\/\/www.maisonpemba.com\/en\/product\/savon-parfume-mystere-du-mayombe\/","title":{"rendered":"Savon Parfum\u00e9 &#8211; Myst\u00e8re du Mayombe"},"content":{"rendered":"<p>Parfum : Violette<\/p>\n<p>Enrichi : Huile d\u2019amande douce nourrissante<br \/>\nColorants naturels : Respectueux de votre peau et de la nature<br \/>\nOrigine : Grasse, capitale mondiale du parfum<\/p>\n<p>Conseil d\u2019utilisation : Faites mousser sur peau humide, puis rincez d\u00e9licatement. \u00c0 utiliser seul ou en combo avec le parfum <strong><a href=\"https:\/\/www.maisonpemba.com\/en\/product\/mystere-du-mayombe-parfum\/\">Myst\u00e8re du Mayombe<\/a><\/strong> pour un sillage durable et raffin\u00e9.<\/p>\n<p>Eviter le contact avec les yeux.<br \/>\nPour pr\u00e9venir des irritations oculaires, il est pr\u00e9f\u00e9rable de rincer abondamment avec de l&#8217;eau claire.<\/p>\n<span class=\"et_bloom_bottom_trigger\"><\/span>","protected":false},"excerpt":{"rendered":"<h4>Savon Parfum\u00e9 \u2013 Maison Pemba<\/h4>\n<p>Parfum :\u00a0Violette<\/p>\n<p>Savoir-faire <strong>artisanal fran\u00e7ais<\/strong> avec des fragrances nobles en provenance de Grasse.<\/p>\n<p>Savon enrichi \u00e0 l&#8217;huile d&#8217;Amande douce.<\/p>\n<p>Colorant naturel.<\/p>\n<p>Le savon Myst\u00e8re du Mayombe marie le raffinement de la violette aux bienfaits nourrissants de l\u2019huile d\u2019amande douce. Fabriqu\u00e9 \u00e0 la main en France, sans colorant, chaque pain de savon est une ode \u00e0 l\u2019\u00e9l\u00e9gance masculine.<\/p>\n<p>Offrez \u00e0 votre peau un moment de pure distinction avec ce savon d\u00e9licatement parfum\u00e9e.<\/p>\n<p>Inspir\u00e9 du parfum <strong><a href=\"https:\/\/www.maisonpemba.com\/en\/product\/mystere-du-mayombe-parfum\/\">Myst\u00e8re du Mayombe<\/a><\/strong>, son parfum profond et floral, enrichi d\u2019essences de Grasse, enveloppe la peau d\u2019un sillage myst\u00e9rieux et subtil.<\/p>","protected":false},"featured_media":1767,"comment_status":"open","ping_status":"closed","template":"","meta":{"_acf_changed":false,"_et_pb_use_builder":"","_et_pb_old_content":"","_et_gb_content_width":""},"product_brand":[],"product_cat":[81,80,86],"product_tag":[93,85,116],"class_list":{"0":"post-1765","1":"product","2":"type-product","3":"status-publish","4":"has-post-thumbnail","6":"product_cat-savons-parfumes-homme","7":"product_cat-savons","8":"product_cat-tous-les-savons","9":"product_tag-huile-amande-douce","10":"product_tag-savon-parfume","11":"product_tag-violette","13":"first","14":"instock","15":"taxable","16":"shipping-taxable","17":"purchasable","18":"product-type-variable","19":"has-default-attributes"},"acf":[],"_links":{"self":[{"href":"https:\/\/www.maisonpemba.com\/en\/wp-json\/wp\/v2\/product\/1765","targetHints":{"allow":["GET"]}}],"collection":[{"href":"https:\/\/www.maisonpemba.com\/en\/wp-json\/wp\/v2\/product"}],"about":[{"href":"https:\/\/www.maisonpemba.com\/en\/wp-json\/wp\/v2\/types\/product"}],"replies":[{"embeddable":true,"href":"https:\/\/www.maisonpemba.com\/en\/wp-json\/wp\/v2\/comments?post=1765"}],"wp:featuredmedia":[{"embeddable":true,"href":"https:\/\/www.maisonpemba.com\/en\/wp-json\/wp\/v2\/media\/1767"}],"wp:attachment":[{"href":"https:\/\/www.maisonpemba.com\/en\/wp-json\/wp\/v2\/media?parent=1765"}],"wp:term":[{"taxonomy":"product_brand","embeddable":true,"href":"https:\/\/www.maisonpemba.com\/en\/wp-json\/wp\/v2\/product_brand?post=1765"},{"taxonomy":"product_cat","embeddable":true,"href":"https:\/\/www.maisonpemba.com\/en\/wp-json\/wp\/v2\/product_cat?post=1765"},{"taxonomy":"product_tag","embeddable":true,"href":"https:\/\/www.maisonpemba.com\/en\/wp-json\/wp\/v2\/product_tag?post=1765"}],"curies":[{"name":"wp","href":"https:\/\/api.w.org\/{rel}","templated":true}]}}