{"id":1768,"date":"2025-06-01T15:40:15","date_gmt":"2025-06-01T14:40:15","guid":{"rendered":"https:\/\/www.maisonpemba.com\/?post_type=product&#038;p=1768"},"modified":"2025-06-01T15:40:15","modified_gmt":"2025-06-01T14:40:15","slug":"savon-parfume-mobali-makassi","status":"publish","type":"product","link":"https:\/\/www.maisonpemba.com\/en\/product\/savon-parfume-mobali-makassi\/","title":{"rendered":"Savon Parfum\u00e9 &#8211; Mobali Makassi"},"content":{"rendered":"<p>Parfum : Patchouli<\/p>\n<p>Enrichi : Huile d\u2019amande douce nourrissante<br \/>\nColorants naturels : Respectueux de votre peau et de la nature<br \/>\nOrigine : Grasse, capitale mondiale du parfum<\/p>\n<p>Conseil d\u2019utilisation : Faites mousser sur peau humide, puis rincez d\u00e9licatement. \u00c0 utiliser seul ou en combo avec le parfum <strong><a href=\"https:\/\/www.maisonpemba.com\/en\/product\/mobali-makassi-parfum\/\">Mobali Makassi<\/a> <\/strong>pour un sillage durable et raffin\u00e9.<\/p>\n<p>Eviter le contact avec les yeux.<br \/>\nPour pr\u00e9venir des irritations oculaires, il est pr\u00e9f\u00e9rable de rincer abondamment avec de l&#8217;eau claire.<\/p>\n<span class=\"et_bloom_bottom_trigger\"><\/span>","protected":false},"excerpt":{"rendered":"<h4>Savon Parfum\u00e9 \u2013 Maison Pemba<\/h4>\n<p>Parfum :\u00a0Patchouli<\/p>\n<p>Savoir-faire <strong>artisanal fran\u00e7ais<\/strong> avec des fragrances nobles en provenance de Grasse.<\/p>\n<p>Savon enrichi \u00e0 l&#8217;huile d&#8217;Amande douce.<\/p>\n<p>Colorant naturel.<\/p>\n<p>Makassi \u2013 Le savon de l\u2019homme puissant.<br \/>\nCe savon fait main, parfum\u00e9 au patchouli et enrichi \u00e0 l\u2019huile d\u2019amande douce, offre une exp\u00e9rience olfactive bois\u00e9e et affirm\u00e9e. Id\u00e9al pour les hommes \u00e0 la personnalit\u00e9 forte et \u00e9l\u00e9gante, il nettoie, hydrate et laisse sur la peau une senteur intense et virile.<\/p>\n<p>Ce soin artisanal est un hommage \u00e0 l\u2019homme confiant et charismatique, seul ou en rituel avec le parfum <strong><a href=\"https:\/\/www.maisonpemba.com\/en\/product\/mobali-makassi-parfum\/\">Mobali Makassi<\/a><\/strong>, laissez-vous envelopper par sa puissance subtile.<\/p>","protected":false},"featured_media":1770,"comment_status":"open","ping_status":"closed","template":"","meta":{"_acf_changed":false,"_et_pb_use_builder":"","_et_pb_old_content":"","_et_gb_content_width":""},"product_brand":[],"product_cat":[81,80,86],"product_tag":[93,99,85],"class_list":{"0":"post-1768","1":"product","2":"type-product","3":"status-publish","4":"has-post-thumbnail","6":"product_cat-savons-parfumes-homme","7":"product_cat-savons","8":"product_cat-tous-les-savons","9":"product_tag-huile-amande-douce","10":"product_tag-patchouli","11":"product_tag-savon-parfume","13":"first","14":"instock","15":"taxable","16":"shipping-taxable","17":"purchasable","18":"product-type-variable","19":"has-default-attributes"},"acf":[],"_links":{"self":[{"href":"https:\/\/www.maisonpemba.com\/en\/wp-json\/wp\/v2\/product\/1768","targetHints":{"allow":["GET"]}}],"collection":[{"href":"https:\/\/www.maisonpemba.com\/en\/wp-json\/wp\/v2\/product"}],"about":[{"href":"https:\/\/www.maisonpemba.com\/en\/wp-json\/wp\/v2\/types\/product"}],"replies":[{"embeddable":true,"href":"https:\/\/www.maisonpemba.com\/en\/wp-json\/wp\/v2\/comments?post=1768"}],"wp:featuredmedia":[{"embeddable":true,"href":"https:\/\/www.maisonpemba.com\/en\/wp-json\/wp\/v2\/media\/1770"}],"wp:attachment":[{"href":"https:\/\/www.maisonpemba.com\/en\/wp-json\/wp\/v2\/media?parent=1768"}],"wp:term":[{"taxonomy":"product_brand","embeddable":true,"href":"https:\/\/www.maisonpemba.com\/en\/wp-json\/wp\/v2\/product_brand?post=1768"},{"taxonomy":"product_cat","embeddable":true,"href":"https:\/\/www.maisonpemba.com\/en\/wp-json\/wp\/v2\/product_cat?post=1768"},{"taxonomy":"product_tag","embeddable":true,"href":"https:\/\/www.maisonpemba.com\/en\/wp-json\/wp\/v2\/product_tag?post=1768"}],"curies":[{"name":"wp","href":"https:\/\/api.w.org\/{rel}","templated":true}]}}