{"id":372,"date":"2024-09-18T14:22:23","date_gmt":"2024-09-18T14:22:23","guid":{"rendered":"https:\/\/www.maisonpemba.com\/?post_type=product&#038;p=372"},"modified":"2026-04-29T16:49:41","modified_gmt":"2026-04-29T15:49:41","slug":"bu-sina-parfum","status":"publish","type":"product","link":"https:\/\/www.maisonpemba.com\/en\/product\/bu-sina-parfum\/","title":{"rendered":"Bu-Sina Parfum"},"content":{"rendered":"<p>Parfum Homme &#8211; Maison Pemba<\/p>\n<ul>\n<li>Famille Olfactive : Aromatique<\/li>\n<li>Vaporisateur Homme<\/li>\n<li>Contenance : 100 ml<\/li>\n<li>Tr\u00e8s haute concentration en parfum<\/li>\n<li>Tenue exceptionnelle<\/li>\n<li>Cr\u00e9ation originale d\u2019exception<\/li>\n<li>Fabrication artisanale fran\u00e7aise en Pays de Grasse<\/li>\n<\/ul>\n<span class=\"et_bloom_bottom_trigger\"><\/span>","protected":false},"excerpt":{"rendered":"<h4><strong>Parfum Homme &#8211; Maison Pemba<\/strong><\/h4>\n<p>Famille Olfactive: <em>Aromatique <\/em><\/p>\n<p><em>Notes : Mandarine, Lavande, Coriandre, Agrumes,\u00a0 Miel, C\u00e8dre, Bergamote.<\/em><\/p>\n<p><strong>Bu-Sina, <\/strong>qui signifie richesse en langue Lumbu,\u00a0 est bien plus qu\u2019un parfum; c\u2019est une c\u00e9l\u00e9bration de la richesse culturelle et naturelle des Lumbus du Congo Brazzaville. \u00c0 travers ses notes olfactives soigneusement s\u00e9lectionn\u00e9es, il capture l&#8217;essence de la force et de la sagesse, offrant une exp\u00e9rience sensorielle qui transcende le quotidien. Cette fragrance incarne la dualit\u00e9 de la douceur et de la puissance, rendant hommage \u00e0 l\u2019homme moderne qui embrasse \u00e0 la fois sa richesse int\u00e9rieure et son h\u00e9ritage culturel.<\/p>\n<p><strong>Bu-Sina<\/strong> est le choix parfait pour l&#8217;homme qui aspire \u00e0 la libert\u00e9 et \u00e0 l&#8217;excellence, tout en restant ancr\u00e9 dans ses racines et en qu\u00eate de puret\u00e9.<\/p>\n<p>&nbsp;<\/p>","protected":false},"featured_media":613,"comment_status":"open","ping_status":"closed","template":"","meta":{"_acf_changed":false,"_et_pb_use_builder":"","_et_pb_old_content":"","_et_gb_content_width":""},"product_brand":[],"product_cat":[39,19,27],"product_tag":[],"class_list":{"0":"post-372","1":"product","2":"type-product","3":"status-publish","4":"has-post-thumbnail","6":"product_cat-notes-aromatiques","7":"product_cat-parfums","8":"product_cat-parfum-homme","10":"first","11":"instock","12":"taxable","13":"shipping-taxable","14":"purchasable","15":"product-type-variable","16":"has-default-attributes"},"acf":[],"_links":{"self":[{"href":"https:\/\/www.maisonpemba.com\/en\/wp-json\/wp\/v2\/product\/372","targetHints":{"allow":["GET"]}}],"collection":[{"href":"https:\/\/www.maisonpemba.com\/en\/wp-json\/wp\/v2\/product"}],"about":[{"href":"https:\/\/www.maisonpemba.com\/en\/wp-json\/wp\/v2\/types\/product"}],"replies":[{"embeddable":true,"href":"https:\/\/www.maisonpemba.com\/en\/wp-json\/wp\/v2\/comments?post=372"}],"wp:featuredmedia":[{"embeddable":true,"href":"https:\/\/www.maisonpemba.com\/en\/wp-json\/wp\/v2\/media\/613"}],"wp:attachment":[{"href":"https:\/\/www.maisonpemba.com\/en\/wp-json\/wp\/v2\/media?parent=372"}],"wp:term":[{"taxonomy":"product_brand","embeddable":true,"href":"https:\/\/www.maisonpemba.com\/en\/wp-json\/wp\/v2\/product_brand?post=372"},{"taxonomy":"product_cat","embeddable":true,"href":"https:\/\/www.maisonpemba.com\/en\/wp-json\/wp\/v2\/product_cat?post=372"},{"taxonomy":"product_tag","embeddable":true,"href":"https:\/\/www.maisonpemba.com\/en\/wp-json\/wp\/v2\/product_tag?post=372"}],"curies":[{"name":"wp","href":"https:\/\/api.w.org\/{rel}","templated":true}]}}