{"id":415,"date":"2024-09-22T19:35:13","date_gmt":"2024-09-22T19:35:13","guid":{"rendered":"https:\/\/www.maisonpemba.com\/?post_type=product&#038;p=415"},"modified":"2025-12-14T12:14:11","modified_gmt":"2025-12-14T11:14:11","slug":"di-tuti-bougie-amande-mimosa","status":"publish","type":"product","link":"https:\/\/www.maisonpemba.com\/en\/product\/di-tuti-bougie-amande-mimosa\/","title":{"rendered":"Di Tuti Bougie Amande-Mimosa"},"content":{"rendered":"<p>Bougie naturelle de cire v\u00e9g\u00e9tale parfum\u00e9e 180g :<\/p>\n<ul>\n<li>Senteur Amande &#8211; Mimosa<\/li>\n<li>Haute qualit\u00e9 en diffusion<\/li>\n<li>Cire naturelle v\u00e9g\u00e9tale<\/li>\n<li>Parfum coul\u00e9 \u00e0 chaud dans la masse<\/li>\n<li>M\u00e8che en coton, pas de fum\u00e9e noire<\/li>\n<li>Autonomie +\/- 50 heures (selon utilisation, sans d\u00e9passer deux heures de br\u00fblage \u00e0 chaque utilisation)<\/li>\n<li>Cr\u00e9ation originale d\u2019exception<\/li>\n<li>Fabrication artisanale fran\u00e7aise en Pays de Grasse<\/li>\n<\/ul>\n<p>Utilisation :<br \/>\nNe pas couper les m\u00e8ches ni \u00e0 la premi\u00e8re utilisation, ni par la suite.<br \/>\nLaisser le temps \u00e0 la bougie de fondre de mani\u00e8re uniforme sur toute la surface du verre avant de l&#8217;\u00e9teindre (soit 1 \u00e0 2 heures de br\u00fblage selon la taille de la bougie)<br \/>\nDangereux &#8211; Respecter les pr\u00e9cautions d&#8217;emploi.<\/p>\n<span class=\"et_bloom_bottom_trigger\"><\/span>","protected":false},"excerpt":{"rendered":"<h4>Bougie &#8211; Maison Pemba<\/h4>\n<p>La bougie artisanale <strong>Di Tuti<\/strong> qui signifie <strong>Nuage<\/strong> en langue Lumbu, \u00a0est plus qu\u2019un simple objet d\u00e9coratif ; elle est une c\u00e9l\u00e9bration de la douceur et de la paix int\u00e9rieure. Avec ses parfums envo\u00fbtants d\u2019amande et de mimosa, elle offre une \u00e9vasion d\u00e9licate et raffin\u00e9e qui invite \u00e0 la r\u00eaverie et \u00e0 la d\u00e9tente. En choisissant <strong>Di Tuti<\/strong>, vous optez pour une exp\u00e9rience olfactive unique qui transforme chaque moment en une douce \u00e9vasion. Laissez-vous envelopper par la l\u00e9g\u00e8ret\u00e9 de <strong>Di Tuti,<\/strong> et laissez chaque flamme et chaque souffle parfum\u00e9 vous guider vers un monde de s\u00e9r\u00e9nit\u00e9 et de beaut\u00e9.<\/p>\n<p>Bougie naturelle de cire v\u00e9g\u00e9tale parfum\u00e9e, M\u00e8che en coton<\/p>","protected":false},"featured_media":643,"comment_status":"open","ping_status":"closed","template":"","meta":{"_acf_changed":false,"_et_pb_use_builder":"","_et_pb_old_content":"","_et_gb_content_width":""},"product_brand":[],"product_cat":[36,35],"product_tag":[],"class_list":{"0":"post-415","1":"product","2":"type-product","3":"status-publish","4":"has-post-thumbnail","6":"product_cat-bougies","7":"product_cat-parfums-dinterieur","9":"first","10":"instock","11":"taxable","12":"shipping-taxable","13":"purchasable","14":"product-type-variable","15":"has-default-attributes"},"acf":[],"_links":{"self":[{"href":"https:\/\/www.maisonpemba.com\/en\/wp-json\/wp\/v2\/product\/415","targetHints":{"allow":["GET"]}}],"collection":[{"href":"https:\/\/www.maisonpemba.com\/en\/wp-json\/wp\/v2\/product"}],"about":[{"href":"https:\/\/www.maisonpemba.com\/en\/wp-json\/wp\/v2\/types\/product"}],"replies":[{"embeddable":true,"href":"https:\/\/www.maisonpemba.com\/en\/wp-json\/wp\/v2\/comments?post=415"}],"wp:featuredmedia":[{"embeddable":true,"href":"https:\/\/www.maisonpemba.com\/en\/wp-json\/wp\/v2\/media\/643"}],"wp:attachment":[{"href":"https:\/\/www.maisonpemba.com\/en\/wp-json\/wp\/v2\/media?parent=415"}],"wp:term":[{"taxonomy":"product_brand","embeddable":true,"href":"https:\/\/www.maisonpemba.com\/en\/wp-json\/wp\/v2\/product_brand?post=415"},{"taxonomy":"product_cat","embeddable":true,"href":"https:\/\/www.maisonpemba.com\/en\/wp-json\/wp\/v2\/product_cat?post=415"},{"taxonomy":"product_tag","embeddable":true,"href":"https:\/\/www.maisonpemba.com\/en\/wp-json\/wp\/v2\/product_tag?post=415"}],"curies":[{"name":"wp","href":"https:\/\/api.w.org\/{rel}","templated":true}]}}