{"id":431,"date":"2024-09-23T20:37:42","date_gmt":"2024-09-23T20:37:42","guid":{"rendered":"https:\/\/www.maisonpemba.com\/?post_type=product&#038;p=431"},"modified":"2024-10-12T17:47:18","modified_gmt":"2024-10-12T17:47:18","slug":"di-tuti-diffuseur-amande-mimosa","status":"publish","type":"product","link":"https:\/\/www.maisonpemba.com\/en\/product\/di-tuti-diffuseur-amande-mimosa\/","title":{"rendered":"DiTuti Diffuseur Amande-Mimosa"},"content":{"rendered":"<p>Diffuseur d&#8217;ambiance 100 ml<\/p>\n<ul>\n<li>Senteur Amande &#8211; Mimosa<\/li>\n<li>Diffusion naturelle \u00e0 froid par capillarit\u00e9 gr\u00e2ce aux b\u00e2tons en rotin<\/li>\n<li>Livr\u00e9 avec 5 b\u00e2tons en rotin<\/li>\n<li>Haute qualit\u00e9 en diffusion<\/li>\n<li>2 \u00e0 4 mois de diffusion selon la taille et temp\u00e9rature de la pi\u00e8ce<\/li>\n<li>Id\u00e9al pour une pi\u00e8ce de 15 \u00e0 20m<sup>2<\/sup><\/li>\n<li>Rechargeable<\/li>\n<li>Cr\u00e9ation et fragrances originales d\u2019exception<\/li>\n<li>Fabrication artisanale fran\u00e7aise en Pays de Grasse<\/li>\n<\/ul>\n<p>Utilisation :<br \/>\nPour une diffusion maximale dans le temps, ne pas retourner les b\u00e2tons.<br \/>\nNe pas mettre sous un climatiseur ou une VMC<br \/>\nDangereux &#8211; Respecter les pr\u00e9cautions d&#8217;emploi.<\/p>\n<span class=\"et_bloom_bottom_trigger\"><\/span>","protected":false},"excerpt":{"rendered":"<h4>Diffuseur \u2013 Maison Pemba<\/h4>\n<p>Le diffuseur d\u2019ambiance artisanal <strong>Di Tuti, <\/strong>signifiant <strong>Nuage<\/strong> en langue Lumbu<strong>,<\/strong> est bien plus qu&#8217;un simple objet d\u00e9coratif ; il est une v\u00e9ritable exp\u00e9rience sensorielle qui invite \u00e0 la d\u00e9tente et \u00e0 la s\u00e9r\u00e9nit\u00e9. Avec ses notes harmonieuses d\u2019amande et de mimosa, il transforme chaque espace en un cocon de douceur et d\u2019\u00e9l\u00e9gance, \u00e9voquant la l\u00e9g\u00e8ret\u00e9 des nuages flottants dans un ciel paisible. En choisissant <strong>Di Tuti<\/strong>, vous apportez une touche de raffinement et de tranquillit\u00e9 \u00e0 votre quotidien, cr\u00e9ant un environnement o\u00f9 chaque moment est empreint de confort et de luxe. Laissez-vous envo\u00fbter par la magie de <strong>Di Tuti<\/strong> et d\u00e9couvrez comment chaque diffusion peut m\u00e9tamorphoser votre int\u00e9rieur en un havre de paix o\u00f9 chaque souffle d\u2019air est une caresse d\u00e9licate et r\u00e9confortante<\/p>","protected":false},"featured_media":658,"comment_status":"open","ping_status":"closed","template":"","meta":{"_acf_changed":false,"_et_pb_use_builder":"","_et_pb_old_content":"","_et_gb_content_width":""},"product_brand":[],"product_cat":[37,35],"product_tag":[],"class_list":{"0":"post-431","1":"product","2":"type-product","3":"status-publish","4":"has-post-thumbnail","6":"product_cat-diffuseur","7":"product_cat-parfums-dinterieur","9":"first","10":"instock","11":"taxable","12":"shipping-taxable","13":"purchasable","14":"product-type-variable","15":"has-default-attributes"},"acf":[],"_links":{"self":[{"href":"https:\/\/www.maisonpemba.com\/en\/wp-json\/wp\/v2\/product\/431","targetHints":{"allow":["GET"]}}],"collection":[{"href":"https:\/\/www.maisonpemba.com\/en\/wp-json\/wp\/v2\/product"}],"about":[{"href":"https:\/\/www.maisonpemba.com\/en\/wp-json\/wp\/v2\/types\/product"}],"replies":[{"embeddable":true,"href":"https:\/\/www.maisonpemba.com\/en\/wp-json\/wp\/v2\/comments?post=431"}],"wp:featuredmedia":[{"embeddable":true,"href":"https:\/\/www.maisonpemba.com\/en\/wp-json\/wp\/v2\/media\/658"}],"wp:attachment":[{"href":"https:\/\/www.maisonpemba.com\/en\/wp-json\/wp\/v2\/media?parent=431"}],"wp:term":[{"taxonomy":"product_brand","embeddable":true,"href":"https:\/\/www.maisonpemba.com\/en\/wp-json\/wp\/v2\/product_brand?post=431"},{"taxonomy":"product_cat","embeddable":true,"href":"https:\/\/www.maisonpemba.com\/en\/wp-json\/wp\/v2\/product_cat?post=431"},{"taxonomy":"product_tag","embeddable":true,"href":"https:\/\/www.maisonpemba.com\/en\/wp-json\/wp\/v2\/product_tag?post=431"}],"curies":[{"name":"wp","href":"https:\/\/api.w.org\/{rel}","templated":true}]}}