{"id":504,"date":"2024-09-28T13:42:15","date_gmt":"2024-09-28T13:42:15","guid":{"rendered":"https:\/\/www.maisonpemba.com\/?post_type=product&#038;p=504"},"modified":"2026-04-29T17:35:22","modified_gmt":"2026-04-29T16:35:22","slug":"mwassi-kitoko-parfum","status":"publish","type":"product","link":"https:\/\/www.maisonpemba.com\/en\/product\/mwassi-kitoko-parfum\/","title":{"rendered":"Mwassi Kitoko Parfum"},"content":{"rendered":"<p>Parfum Femme &#8211; Maison Pemba<\/p>\n<ul>\n<li>Famille Olfactive : Orientale fruit\u00e9e<em>\u00a0<\/em><\/li>\n<li>Vaporisateur Femme<\/li>\n<li>Contenance : 100 ml<\/li>\n<li>Tr\u00e8s haute concentration en parfum<\/li>\n<li>Tenue exceptionnelle<\/li>\n<li>Cr\u00e9ation originale d\u2019exception<\/li>\n<li>Fabrication artisanale fran\u00e7aise en Pays de Grasse<\/li>\n<\/ul>\n<span class=\"et_bloom_bottom_trigger\"><\/span>","protected":false},"excerpt":{"rendered":"<h4>Parfum Femme \u2013 Maison Pemba<\/h4>\n<p>Famille Olfactive :<em> <strong>Orientale fruit\u00e9e <\/strong><\/em><strong>\u00a0<\/strong><\/p>\n<p><em>Notes\u00a0<\/em>: <em>patchouli, rose, vanille, fruits rouges, bergamote, cassis et chocolat<\/em><\/p>\n<p>Avec <strong>Mwassi Kitoko<\/strong>, chaque vaporisation est une ode \u00e0 la beaut\u00e9 extr\u00eame de la femme. Cr\u00e9\u00e9 par les artisans parfumeurs de Grasse, ce parfum c\u00e9l\u00e8bre la gr\u00e2ce et la force f\u00e9minine \u00e0 travers des accords envo\u00fbtants et uniques, laissant derri\u00e8re elle un sillage m\u00e9morable.<\/p>","protected":false},"featured_media":624,"comment_status":"open","ping_status":"closed","template":"","meta":{"_acf_changed":false,"_et_pb_use_builder":"","_et_pb_old_content":"","_et_gb_content_width":""},"product_brand":[],"product_cat":[31,19,26],"product_tag":[],"class_list":{"0":"post-504","1":"product","2":"type-product","3":"status-publish","4":"has-post-thumbnail","6":"product_cat-pf-notes-orientales","7":"product_cat-parfums","8":"product_cat-parfum-femme","10":"first","11":"instock","12":"featured","13":"taxable","14":"shipping-taxable","15":"purchasable","16":"product-type-variable","17":"has-default-attributes"},"acf":[],"_links":{"self":[{"href":"https:\/\/www.maisonpemba.com\/en\/wp-json\/wp\/v2\/product\/504","targetHints":{"allow":["GET"]}}],"collection":[{"href":"https:\/\/www.maisonpemba.com\/en\/wp-json\/wp\/v2\/product"}],"about":[{"href":"https:\/\/www.maisonpemba.com\/en\/wp-json\/wp\/v2\/types\/product"}],"replies":[{"embeddable":true,"href":"https:\/\/www.maisonpemba.com\/en\/wp-json\/wp\/v2\/comments?post=504"}],"wp:featuredmedia":[{"embeddable":true,"href":"https:\/\/www.maisonpemba.com\/en\/wp-json\/wp\/v2\/media\/624"}],"wp:attachment":[{"href":"https:\/\/www.maisonpemba.com\/en\/wp-json\/wp\/v2\/media?parent=504"}],"wp:term":[{"taxonomy":"product_brand","embeddable":true,"href":"https:\/\/www.maisonpemba.com\/en\/wp-json\/wp\/v2\/product_brand?post=504"},{"taxonomy":"product_cat","embeddable":true,"href":"https:\/\/www.maisonpemba.com\/en\/wp-json\/wp\/v2\/product_cat?post=504"},{"taxonomy":"product_tag","embeddable":true,"href":"https:\/\/www.maisonpemba.com\/en\/wp-json\/wp\/v2\/product_tag?post=504"}],"curies":[{"name":"wp","href":"https:\/\/api.w.org\/{rel}","templated":true}]}}