{"id":639,"date":"2024-09-29T10:34:24","date_gmt":"2024-09-29T10:34:24","guid":{"rendered":"https:\/\/www.maisonpemba.com\/?post_type=product&#038;p=639"},"modified":"2024-10-13T09:00:10","modified_gmt":"2024-10-13T09:00:10","slug":"gourmandise-bougie-clementine-monoi","status":"publish","type":"product","link":"https:\/\/www.maisonpemba.com\/en\/product\/gourmandise-bougie-clementine-monoi\/","title":{"rendered":"Gourmandise Bougie Cl\u00e9mentine-Mono\u00ef"},"content":{"rendered":"<p>Bougie naturelle de cire v\u00e9g\u00e9tale parfum\u00e9e 180g :<\/p>\n<ul>\n<li>Senteur Cl\u00e9mentine &#8211; Mono\u00ef<\/li>\n<li>Haute qualit\u00e9 en diffusion<\/li>\n<li>Cire naturelle v\u00e9g\u00e9tale<\/li>\n<li>Parfum coul\u00e9 \u00e0 chaud dans la masse<\/li>\n<li>M\u00e8che en coton, pas de fum\u00e9e noire<\/li>\n<li>Autonomie +\/- 50 heures (selon utilisation, sans d\u00e9passer deux heures de br\u00fblage \u00e0 chaque utilisation)<\/li>\n<li>Cr\u00e9ation originale d\u2019exception<\/li>\n<li>Fabrication artisanale fran\u00e7aise en Pays de Grasse<\/li>\n<\/ul>\n<p>Utilisation :<br \/>\nNe pas couper les m\u00e8ches ni \u00e0 la premi\u00e8re utilisation, ni par la suite.<br \/>\nLaisser le temps \u00e0 la bougie de fondre de mani\u00e8re uniforme sur toute la surface du verre avant de l&#8217;\u00e9teindre (soit 1 \u00e0 2 heures de br\u00fblage selon la taille de la bougie)<br \/>\nDangereux &#8211; Respecter les pr\u00e9cautions d&#8217;emploi.<\/p>\n<span class=\"et_bloom_bottom_trigger\"><\/span>","protected":false},"excerpt":{"rendered":"<h4>Bougie \u2013 Maison Pemba<\/h4>\n<p>La bougie artisanale <strong>Gourmandise<\/strong> est bien plus qu&#8217;un simple accessoire d\u00e9coratif ; elle incarne l&#8217;art de savourer la vie et ses plaisirs simples avec raffinement. Avec ses parfums ensoleill\u00e9s de cl\u00e9mentine et de mono\u00ef, elle offre une \u00e9vasion sensorielle qui stimule les sens et apaise l&#8217;esprit. En choisissant <strong>Gourmandise<\/strong>, vous optez pour un produit authentique, fabriqu\u00e9 avec soin et passion, qui apporte une touche de joie et de s\u00e9r\u00e9nit\u00e9 \u00e0 votre quotidien. Laissez-vous transporter par la magie de <strong>Gourmandise <\/strong>et d\u00e9couvrez un univers o\u00f9 chaque flamme danse avec douceur et chaque souffle parfum\u00e9 invite \u00e0 la r\u00eaverie. Faites de chaque jour une c\u00e9l\u00e9bration de la vie, et profitez de chaque instant avec gourmandise et d\u00e9lice.<\/p>\n<p>Bougie naturelle de cire v\u00e9g\u00e9tale parfum\u00e9e, M\u00e8che en coton<\/p>","protected":false},"featured_media":642,"comment_status":"open","ping_status":"closed","template":"","meta":{"_acf_changed":false,"_et_pb_use_builder":"","_et_pb_old_content":"","_et_gb_content_width":""},"product_brand":[],"product_cat":[36,35],"product_tag":[],"class_list":{"0":"post-639","1":"product","2":"type-product","3":"status-publish","4":"has-post-thumbnail","6":"product_cat-bougies","7":"product_cat-parfums-dinterieur","9":"first","10":"instock","11":"taxable","12":"shipping-taxable","13":"purchasable","14":"product-type-variable","15":"has-default-attributes"},"acf":[],"_links":{"self":[{"href":"https:\/\/www.maisonpemba.com\/en\/wp-json\/wp\/v2\/product\/639","targetHints":{"allow":["GET"]}}],"collection":[{"href":"https:\/\/www.maisonpemba.com\/en\/wp-json\/wp\/v2\/product"}],"about":[{"href":"https:\/\/www.maisonpemba.com\/en\/wp-json\/wp\/v2\/types\/product"}],"replies":[{"embeddable":true,"href":"https:\/\/www.maisonpemba.com\/en\/wp-json\/wp\/v2\/comments?post=639"}],"wp:featuredmedia":[{"embeddable":true,"href":"https:\/\/www.maisonpemba.com\/en\/wp-json\/wp\/v2\/media\/642"}],"wp:attachment":[{"href":"https:\/\/www.maisonpemba.com\/en\/wp-json\/wp\/v2\/media?parent=639"}],"wp:term":[{"taxonomy":"product_brand","embeddable":true,"href":"https:\/\/www.maisonpemba.com\/en\/wp-json\/wp\/v2\/product_brand?post=639"},{"taxonomy":"product_cat","embeddable":true,"href":"https:\/\/www.maisonpemba.com\/en\/wp-json\/wp\/v2\/product_cat?post=639"},{"taxonomy":"product_tag","embeddable":true,"href":"https:\/\/www.maisonpemba.com\/en\/wp-json\/wp\/v2\/product_tag?post=639"}],"curies":[{"name":"wp","href":"https:\/\/api.w.org\/{rel}","templated":true}]}}