{"id":659,"date":"2024-09-29T11:40:37","date_gmt":"2024-09-29T11:40:37","guid":{"rendered":"https:\/\/www.maisonpemba.com\/?post_type=product&#038;p=659"},"modified":"2026-04-29T17:58:40","modified_gmt":"2026-04-29T16:58:40","slug":"etoile-filante-diffuseur-groseille-grenade","status":"publish","type":"product","link":"https:\/\/www.maisonpemba.com\/en\/product\/etoile-filante-diffuseur-groseille-grenade\/","title":{"rendered":"Etoile Filante Diffuseur  Groseille-Grenade"},"content":{"rendered":"<p>Diffuseur d&#8217;ambiance 100 ml<\/p>\n<ul>\n<li>Senteur Groseille Grenade<\/li>\n<li>Diffusion naturelle \u00e0 froid par capillarit\u00e9 gr\u00e2ce aux b\u00e2tons en rotin<\/li>\n<li>Livr\u00e9 avec 5 b\u00e2tons en rotin<\/li>\n<li>Haute qualit\u00e9 en diffusion<\/li>\n<li>2 \u00e0 4 mois de diffusion selon la taille et temp\u00e9rature de la pi\u00e8ce<\/li>\n<li>Id\u00e9al pour une pi\u00e8ce de 15 \u00e0 20m<sup>2<\/sup><\/li>\n<li>Rechargeable<\/li>\n<li>Cr\u00e9ation et fragrances originales d\u2019exception<\/li>\n<li>Fabrication artisanale fran\u00e7aise en Pays de Grasse<\/li>\n<\/ul>\n<p>Utilisation :<br \/>\nPour une diffusion maximale dans le temps, ne pas retourner les b\u00e2tons.<br \/>\nNe pas mettre sous un climatiseur ou une VMC<br \/>\nDangereux &#8211; Respecter les pr\u00e9cautions d&#8217;emploi.<\/p>\n<span class=\"et_bloom_bottom_trigger\"><\/span>","protected":false},"excerpt":{"rendered":"<h4>Diffuseur \u2013 Maison Pemba<\/h4>\n<p>Le diffuseur d\u2019ambiance artisanale <strong>\u00c9toile Filante<\/strong> est bien plus qu\u2019un simple parfum d\u2019int\u00e9rieur ; c\u2019est une c\u00e9l\u00e9bration de l\u2019instant pr\u00e9sent et de la beaut\u00e9 \u00e9ph\u00e9m\u00e8re. Avec ses senteurs \u00e9clatantes de groseille et de grenade, il transforme votre espace en un cocon de vitalit\u00e9 et d&#8217;\u00e9l\u00e9gance, o\u00f9 chaque souffle d&#8217;air est une invitation \u00e0 savourer la magie du moment. En choisissant <strong>\u00c9toile Filante<\/strong>, vous apportez \u00e0 votre int\u00e9rieur une touche de fra\u00eecheur et de dynamisme, cr\u00e9ant une ambiance \u00e0 la fois lumineuse et captivante. Laissez-vous emporter par la magie de <strong>\u00c9toile Filante<\/strong> et d\u00e9couvrez comment chaque diffusion peut illuminer votre quotidien d&#8217;une \u00e9nergie nouvelle et d&#8217;une \u00e9l\u00e9gance intemporelle.<\/p>","protected":false},"featured_media":664,"comment_status":"open","ping_status":"closed","template":"","meta":{"_acf_changed":false,"_et_pb_use_builder":"","_et_pb_old_content":"","_et_gb_content_width":""},"product_brand":[],"product_cat":[37,35],"product_tag":[],"class_list":{"0":"post-659","1":"product","2":"type-product","3":"status-publish","4":"has-post-thumbnail","6":"product_cat-diffuseur","7":"product_cat-parfums-dinterieur","9":"first","10":"outofstock","11":"taxable","12":"shipping-taxable","13":"purchasable","14":"product-type-variable","15":"has-default-attributes"},"acf":[],"_links":{"self":[{"href":"https:\/\/www.maisonpemba.com\/en\/wp-json\/wp\/v2\/product\/659","targetHints":{"allow":["GET"]}}],"collection":[{"href":"https:\/\/www.maisonpemba.com\/en\/wp-json\/wp\/v2\/product"}],"about":[{"href":"https:\/\/www.maisonpemba.com\/en\/wp-json\/wp\/v2\/types\/product"}],"replies":[{"embeddable":true,"href":"https:\/\/www.maisonpemba.com\/en\/wp-json\/wp\/v2\/comments?post=659"}],"wp:featuredmedia":[{"embeddable":true,"href":"https:\/\/www.maisonpemba.com\/en\/wp-json\/wp\/v2\/media\/664"}],"wp:attachment":[{"href":"https:\/\/www.maisonpemba.com\/en\/wp-json\/wp\/v2\/media?parent=659"}],"wp:term":[{"taxonomy":"product_brand","embeddable":true,"href":"https:\/\/www.maisonpemba.com\/en\/wp-json\/wp\/v2\/product_brand?post=659"},{"taxonomy":"product_cat","embeddable":true,"href":"https:\/\/www.maisonpemba.com\/en\/wp-json\/wp\/v2\/product_cat?post=659"},{"taxonomy":"product_tag","embeddable":true,"href":"https:\/\/www.maisonpemba.com\/en\/wp-json\/wp\/v2\/product_tag?post=659"}],"curies":[{"name":"wp","href":"https:\/\/api.w.org\/{rel}","templated":true}]}}