{"id":667,"date":"2024-09-29T11:58:49","date_gmt":"2024-09-29T11:58:49","guid":{"rendered":"https:\/\/www.maisonpemba.com\/?post_type=product&#038;p=667"},"modified":"2026-03-29T15:54:22","modified_gmt":"2026-03-29T14:54:22","slug":"gourmandise-diffuseur-clementine-monoi","status":"publish","type":"product","link":"https:\/\/www.maisonpemba.com\/en\/product\/gourmandise-diffuseur-clementine-monoi\/","title":{"rendered":"Gourmandise  Diffuseur  Cl\u00e9mentine-Mono\u00ef"},"content":{"rendered":"<p>Diffuseur d&#8217;ambiance 100 ml<\/p>\n<ul>\n<li>Senteur Cl\u00e9mentine, Mono\u00ef<\/li>\n<li>Diffusion naturelle \u00e0 froid par capillarit\u00e9 gr\u00e2ce aux b\u00e2tons en rotin<\/li>\n<li>Livr\u00e9 avec 5 b\u00e2tons en rotin<\/li>\n<li>Haute qualit\u00e9 en diffusion<\/li>\n<li>2 \u00e0 4 mois de diffusion selon la taille et temp\u00e9rature de la pi\u00e8ce<\/li>\n<li>Id\u00e9al pour une pi\u00e8ce de 15 \u00e0 20m<sup>2<\/sup><\/li>\n<li>Rechargeable<\/li>\n<li>Cr\u00e9ation et fragrances originales d\u2019exception<\/li>\n<li>Fabrication artisanale fran\u00e7aise en Pays de Grasse<\/li>\n<\/ul>\n<p>Utilisation :<br \/>\nPour une diffusion maximale dans le temps, ne pas retourner les b\u00e2tons.<br \/>\nNe pas mettre sous un climatiseur ou une VMC<br \/>\nDangereux &#8211; Respecter les pr\u00e9cautions d&#8217;emploi.<\/p>\n<span class=\"et_bloom_bottom_trigger\"><\/span>","protected":false},"excerpt":{"rendered":"<h4>Diffuseur \u2013 Maison Pemba<\/h4>\n<p>Le diffuseur d\u2019ambiance artisanal <strong>Gourmandise<\/strong> est un v\u00e9ritable voyage olfactif vers des contr\u00e9es ensoleill\u00e9es et apaisantes. Gr\u00e2ce \u00e0 son m\u00e9lange harmonieux de cl\u00e9mentine p\u00e9tillante et de mono\u00ef exotique, il infuse votre int\u00e9rieur d\u2019une aura de s\u00e9r\u00e9nit\u00e9 et de bien-\u00eatre. En choisissant <strong>Gourmandise<\/strong>, vous apportez \u00e0 votre maison une touche de fra\u00eecheur fruit\u00e9e et un parfum d\u00e9licatement enveloppant, pour des moments de douceur inoubliables.<\/p>","protected":false},"featured_media":670,"comment_status":"open","ping_status":"closed","template":"","meta":{"_acf_changed":false,"_et_pb_use_builder":"","_et_pb_old_content":"","_et_gb_content_width":""},"product_brand":[],"product_cat":[37,35],"product_tag":[],"class_list":{"0":"post-667","1":"product","2":"type-product","3":"status-publish","4":"has-post-thumbnail","6":"product_cat-diffuseur","7":"product_cat-parfums-dinterieur","9":"first","10":"instock","11":"taxable","12":"shipping-taxable","13":"purchasable","14":"product-type-variable","15":"has-default-attributes"},"acf":[],"_links":{"self":[{"href":"https:\/\/www.maisonpemba.com\/en\/wp-json\/wp\/v2\/product\/667","targetHints":{"allow":["GET"]}}],"collection":[{"href":"https:\/\/www.maisonpemba.com\/en\/wp-json\/wp\/v2\/product"}],"about":[{"href":"https:\/\/www.maisonpemba.com\/en\/wp-json\/wp\/v2\/types\/product"}],"replies":[{"embeddable":true,"href":"https:\/\/www.maisonpemba.com\/en\/wp-json\/wp\/v2\/comments?post=667"}],"wp:featuredmedia":[{"embeddable":true,"href":"https:\/\/www.maisonpemba.com\/en\/wp-json\/wp\/v2\/media\/670"}],"wp:attachment":[{"href":"https:\/\/www.maisonpemba.com\/en\/wp-json\/wp\/v2\/media?parent=667"}],"wp:term":[{"taxonomy":"product_brand","embeddable":true,"href":"https:\/\/www.maisonpemba.com\/en\/wp-json\/wp\/v2\/product_brand?post=667"},{"taxonomy":"product_cat","embeddable":true,"href":"https:\/\/www.maisonpemba.com\/en\/wp-json\/wp\/v2\/product_cat?post=667"},{"taxonomy":"product_tag","embeddable":true,"href":"https:\/\/www.maisonpemba.com\/en\/wp-json\/wp\/v2\/product_tag?post=667"}],"curies":[{"name":"wp","href":"https:\/\/api.w.org\/{rel}","templated":true}]}}