{"id":687,"date":"2024-09-29T13:31:24","date_gmt":"2024-09-29T13:31:24","guid":{"rendered":"https:\/\/www.maisonpemba.com\/?post_type=product&#038;p=687"},"modified":"2026-04-29T17:57:06","modified_gmt":"2026-04-29T16:57:06","slug":"etoile-filante-vaporisateur","status":"publish","type":"product","link":"https:\/\/www.maisonpemba.com\/en\/product\/etoile-filante-vaporisateur\/","title":{"rendered":"Etoile Filante Vaporisateur Groseille-Grenade"},"content":{"rendered":"<p>Parfum d&#8217;ambiance &#8211; Vaporisateur 100 ml :<\/p>\n<ul>\n<li>Senteur groseille grenade<\/li>\n<li>Haute qualit\u00e9 en diffusion<\/li>\n<li>Diffusion imm\u00e9diate par vaporisation<\/li>\n<li>Id\u00e9al sur les rideaux, plaid, brume d&#8217;oreiller, apr\u00e8s la cuisine&#8230;<\/li>\n<li>Cr\u00e9ation et fragrances originales d\u2019exception<\/li>\n<li>Fabrication artisanale fran\u00e7aise en Pays de Grasse<\/li>\n<\/ul>\n<p>Dangereux &#8211; Respecter les pr\u00e9cautions d&#8217;emploi.<\/p>\n<span class=\"et_bloom_bottom_trigger\"><\/span>","protected":false},"excerpt":{"rendered":"<h4>Vaporisateur \u2013 Maison Pemba<\/h4>\n<p>Le vaporisateur de parfum d\u2019ambiance artisanal <strong>\u00c9toile Filante<\/strong> est bien plus qu\u2019un simple parfum ; c\u2019est une v\u00e9ritable invitation \u00e0 c\u00e9l\u00e9brer la beaut\u00e9 \u00e9ph\u00e9m\u00e8re de chaque instant. Avec ses senteurs vibrantes de groseille et de grenade, il apporte une bouff\u00e9e d\u2019air frais et une note de sophistication \u00e0 votre int\u00e9rieur. En choisissant <strong>\u00c9toile Filante<\/strong>, vous illuminez votre quotidien avec une fragrance qui \u00e9veille les sens et transforme chaque espace en un sanctuaire de vitalit\u00e9 et de charme. Laissez-vous emporter par la magie de <strong>\u00c9toile Filante<\/strong> et d\u00e9couvrez comment chaque pulv\u00e9risation peut transformer votre environnement en une exp\u00e9rience olfactive inoubliable, aussi lumineuse et \u00e9ph\u00e9m\u00e8re qu\u2019une \u00e9toile filante dans la nuit.<\/p>","protected":false},"featured_media":689,"comment_status":"open","ping_status":"closed","template":"","meta":{"_acf_changed":false,"_et_pb_use_builder":"","_et_pb_old_content":"","_et_gb_content_width":""},"product_brand":[],"product_cat":[40,35],"product_tag":[],"class_list":{"0":"post-687","1":"product","2":"type-product","3":"status-publish","4":"has-post-thumbnail","6":"product_cat-vaporisateur","7":"product_cat-parfums-dinterieur","9":"first","10":"outofstock","11":"taxable","12":"shipping-taxable","13":"purchasable","14":"product-type-variable","15":"has-default-attributes"},"acf":[],"_links":{"self":[{"href":"https:\/\/www.maisonpemba.com\/en\/wp-json\/wp\/v2\/product\/687","targetHints":{"allow":["GET"]}}],"collection":[{"href":"https:\/\/www.maisonpemba.com\/en\/wp-json\/wp\/v2\/product"}],"about":[{"href":"https:\/\/www.maisonpemba.com\/en\/wp-json\/wp\/v2\/types\/product"}],"replies":[{"embeddable":true,"href":"https:\/\/www.maisonpemba.com\/en\/wp-json\/wp\/v2\/comments?post=687"}],"wp:featuredmedia":[{"embeddable":true,"href":"https:\/\/www.maisonpemba.com\/en\/wp-json\/wp\/v2\/media\/689"}],"wp:attachment":[{"href":"https:\/\/www.maisonpemba.com\/en\/wp-json\/wp\/v2\/media?parent=687"}],"wp:term":[{"taxonomy":"product_brand","embeddable":true,"href":"https:\/\/www.maisonpemba.com\/en\/wp-json\/wp\/v2\/product_brand?post=687"},{"taxonomy":"product_cat","embeddable":true,"href":"https:\/\/www.maisonpemba.com\/en\/wp-json\/wp\/v2\/product_cat?post=687"},{"taxonomy":"product_tag","embeddable":true,"href":"https:\/\/www.maisonpemba.com\/en\/wp-json\/wp\/v2\/product_tag?post=687"}],"curies":[{"name":"wp","href":"https:\/\/api.w.org\/{rel}","templated":true}]}}